{"id":3795,"date":"2022-02-04T14:27:59","date_gmt":"2022-02-04T14:27:59","guid":{"rendered":"https:\/\/nayfer3.dream.press\/?page_id=3795"},"modified":"2026-01-13T15:12:36","modified_gmt":"2026-01-13T18:12:36","slug":"orcamento","status":"publish","type":"page","link":"https:\/\/audaces.com\/pt-br\/orcamento","title":{"rendered":"Or\u00e7amento | Solicite o contato de um consultor da Audaces"},"content":{"rendered":"\t\t<div data-elementor-type=\"wp-page\" data-elementor-id=\"3795\" class=\"elementor elementor-3795\" data-elementor-post-type=\"page\">\n\t\t\t\t\t\t<section class=\"elementor-section elementor-top-section elementor-element elementor-element-e6d71d4 elementor-section-boxed elementor-section-height-default elementor-section-height-default\" data-id=\"e6d71d4\" data-element_type=\"section\">\n\t\t\t\t\t\t<div class=\"elementor-container elementor-column-gap-default\">\n\t\t\t\t\t<div class=\"elementor-column elementor-col-100 elementor-top-column elementor-element elementor-element-d0b58cc\" data-id=\"d0b58cc\" data-element_type=\"column\">\n\t\t\t<div class=\"elementor-widget-wrap elementor-element-populated\">\n\t\t\t\t\t\t<div class=\"elementor-element elementor-element-f7c43f8 elementor-icon-list--layout-inline elementor-list-item-link-full_width elementor-widget elementor-widget-icon-list\" data-id=\"f7c43f8\" data-element_type=\"widget\" data-widget_type=\"icon-list.default\">\n\t\t\t\t<div class=\"elementor-widget-container\">\n\t\t\t\t\t\t\t<ul class=\"elementor-icon-list-items elementor-inline-items\">\n\t\t\t\t\t\t\t<li class=\"elementor-icon-list-item elementor-inline-item\">\n\t\t\t\t\t\t\t\t\t\t\t<a href=\"\/pt-br\">\n\n\t\t\t\t\t\t\t\t\t\t\t<span class=\"elementor-icon-list-text\">IN\u00cdCIO \/<\/span>\n\t\t\t\t\t\t\t\t\t\t\t<\/a>\n\t\t\t\t\t\t\t\t\t<\/li>\n\t\t\t\t\t\t\t\t<li class=\"elementor-icon-list-item elementor-inline-item\">\n\t\t\t\t\t\t\t\t\t\t\t<a href=\"\/orcamento\">\n\n\t\t\t\t\t\t\t\t\t\t\t<span class=\"elementor-icon-list-text\">Or\u00e7amento<\/span>\n\t\t\t\t\t\t\t\t\t\t\t<\/a>\n\t\t\t\t\t\t\t\t\t<\/li>\n\t\t\t\t\t\t<\/ul>\n\t\t\t\t\t\t<\/div>\n\t\t\t\t<\/div>\n\t\t\t\t\t<\/div>\n\t\t<\/div>\n\t\t\t\t\t<\/div>\n\t\t<\/section>\n\t\t\t\t<section class=\"elementor-section elementor-top-section elementor-element elementor-element-d106099 elementor-section-full_width elementor-section-height-default elementor-section-height-default\" data-id=\"d106099\" data-element_type=\"section\" data-settings=\"{&quot;background_background&quot;:&quot;classic&quot;}\">\n\t\t\t\t\t\t<div class=\"elementor-container elementor-column-gap-default\">\n\t\t\t\t\t<div class=\"elementor-column elementor-col-100 elementor-top-column elementor-element elementor-element-5be91e8\" data-id=\"5be91e8\" data-element_type=\"column\">\n\t\t\t<div class=\"elementor-widget-wrap elementor-element-populated\">\n\t\t\t\t\t\t<div class=\"elementor-element elementor-element-3495b57 elementor-widget elementor-widget-heading\" data-id=\"3495b57\" data-element_type=\"widget\" data-widget_type=\"heading.default\">\n\t\t\t\t<div class=\"elementor-widget-container\">\n\t\t\t\t\t<h1 class=\"elementor-heading-title elementor-size-default\">Solicite um or\u00e7amento!<\/h1>\t\t\t\t<\/div>\n\t\t\t\t<\/div>\n\t\t\t\t<div class=\"elementor-element elementor-element-7a082de elementor-widget elementor-widget-text-editor\" data-id=\"7a082de\" data-element_type=\"widget\" data-widget_type=\"text-editor.default\">\n\t\t\t\t<div class=\"elementor-widget-container\">\n\t\t\t\t\t\t\t\t\t<p>Fale com a Audaces<\/p>\t\t\t\t\t\t\t\t<\/div>\n\t\t\t\t<\/div>\n\t\t\t\t<section class=\"elementor-section elementor-inner-section elementor-element elementor-element-dbc4ad6 elementor-section-boxed elementor-section-height-default elementor-section-height-default\" data-id=\"dbc4ad6\" data-element_type=\"section\">\n\t\t\t\t\t\t<div class=\"elementor-container elementor-column-gap-default\">\n\t\t\t\t\t<div class=\"elementor-column elementor-col-100 elementor-inner-column elementor-element elementor-element-94b20ef\" data-id=\"94b20ef\" data-element_type=\"column\">\n\t\t\t<div class=\"elementor-widget-wrap elementor-element-populated\">\n\t\t\t\t\t\t<div class=\"elementor-element elementor-element-48751a9 elementor-widget elementor-widget-text-editor\" data-id=\"48751a9\" data-element_type=\"widget\" data-widget_type=\"text-editor.default\">\n\t\t\t\t<div class=\"elementor-widget-container\">\n\t\t\t\t\t\t\t\t\t* Todos os campos s\u00e3o de preenchimento obrigat\u00f3rio.\n\t\t\t\t\t\t\t\t<\/div>\n\t\t\t\t<\/div>\n\t\t\t\t<div class=\"elementor-element elementor-element-5e9cf85 elementor-widget elementor-widget-html\" data-id=\"5e9cf85\" data-element_type=\"widget\" data-widget_type=\"html.default\">\n\t\t\t\t<div class=\"elementor-widget-container\">\n\t\t\t\t\t<div role=\"main\" id=\"antecipar-informacoes-produtos-novo-site-1e7a7fd8572407895d2d\"><\/div>\n<style>\n  label:has(+ input[name=\"custom_fields[1641363]\"]), label:has(+ input[name=\"custom_fields[1976781]\"]), input[name=\"custom_fields[1641363]\"], input[name=\"custom_fields[1976781]\"] {\n    display: none!important;\n  }\n<\/style>\n<script defer type=\"text\/javascript\">\n    var script = document.createElement('script');\n    script.src = 'https:\/\/d335luupugsy2.cloudfront.net\/js\/rdstation-forms\/stable\/rdstation-forms.min.js'; \/\/source\n    var callback = function () {\n      new RDStationForms('antecipar-informacoes-produtos-novo-site-1e7a7fd8572407895d2d', null).createForm();\n\n      const urlSearchParams = new URLSearchParams(window.location.search);\n      const params = Object.fromEntries(urlSearchParams.entries());\n\n      console.log(params);\n\n      setTimeout(function () {\n        const inputProduto = jQuery(\"input[name='custom_fields[1641363]']\")\n        inputProduto.val(params.lastPage);\n        inputProduto.css('visibility', 'hidden');\n        inputProduto.prev().css('visibility', 'hidden');\n        inputProduto.attr('style', 'position: absolute!important; visibility: hidden!important;');\n        inputProduto.prev().attr('style', 'position: absolute!important; visibility: hidden!important;');\n\n        const inputPlano = jQuery(\"input[name='custom_fields[1976781]']\")\n        inputPlano.val(params.plan);\n        inputPlano.css('visibility', 'hidden');\n        inputPlano.prev().css('visibility', 'hidden');\n        inputPlano.attr('style', 'position: absolute!important; visibility: hidden!important;');\n        inputPlano.prev().attr('style', 'position: absolute!important; visibility: hidden!important;');\n\n        document.querySelector('.bricks-form__submit').onclick = function () {\n\n          const baseUrl = window.location.pathname;\n          const urlArray = baseUrl.split('\/')\n\n          const name = document.querySelector('#rd-text_field-l8yhfwwj').value\n          const email = document.querySelector('#rd-email_field-l8yhfwwk').value\n          const company = document.querySelector('#rd-text_field-l8yhfwwl').value\n\n          const role = document.querySelector('#rd-select_field-l8yhfwwm').value\n          const monthly_production = document.querySelector('#rd-select_field-l8yhfwwn').value\n          const state = document.querySelector('#rd-select_field-l8yhfwwo').value\n\n          const phone = document.querySelector('#rd-phone_field-l8yhfwwp').value\n          const description = document.querySelector('#rd-text_area_field-l8yhfwwq').value\n\n\n          dataLayer.push({\n            event: 'form_quote',\n            product: params.lastPage,\n            plan: params.plan,\n            language: urlArray[1].substring(0, 2),\n\n            name,\n            email,\n            company,\n            monthly_production,\n            phone: phone.replace(\/\\D\/g, ''),\n            state: state.split('(')[1].split(')')[0],\n            role,\n            country_phone: phone.split(' ')[0].replace('+', ''),\n            description,\n\n            utm_source: params.utm_source,\n            utm_medium: params.utm_medium,\n            utm_campaign: params.utm_campaign,\n            utm_content: params.utm_content,\n            utm_term: params.utm_term,\n          })\n        }\n      }, 3000);\n    }\n    script.onload = callback;\n    document.head.appendChild(script);\n<\/script>\t\t\t\t<\/div>\n\t\t\t\t<\/div>\n\t\t\t\t<div class=\"elementor-element elementor-element-33ca6f1 elementor-widget elementor-widget-spacer\" data-id=\"33ca6f1\" data-element_type=\"widget\" data-widget_type=\"spacer.default\">\n\t\t\t\t<div class=\"elementor-widget-container\">\n\t\t\t\t\t\t\t<div class=\"elementor-spacer\">\n\t\t\t<div class=\"elementor-spacer-inner\"><\/div>\n\t\t<\/div>\n\t\t\t\t\t\t<\/div>\n\t\t\t\t<\/div>\n\t\t\t\t\t<\/div>\n\t\t<\/div>\n\t\t\t\t\t<\/div>\n\t\t<\/section>\n\t\t\t\t\t<\/div>\n\t\t<\/div>\n\t\t\t\t\t<\/div>\n\t\t<\/section>\n\t\t\t\t<\/div>\n\t\t","protected":false},"excerpt":{"rendered":"<p>Est\u00e1 interessado em adquirir produtos e\/ou solu\u00e7\u00f5es Audaces? Clique aqui e solicite um or\u00e7amento personalizado para o seu neg\u00f3cio!<\/p>\n","protected":false},"author":2,"featured_media":0,"parent":0,"menu_order":0,"comment_status":"closed","ping_status":"closed","template":"elementor_header_footer","meta":{"footnotes":""},"produto":[],"class_list":["post-3795","page","type-page","status-publish","hentry"],"yoast_head":"<!-- This site is optimized with the Yoast SEO Premium plugin v27.4 (Yoast SEO v27.4) - https:\/\/yoast.com\/product\/yoast-seo-premium-wordpress\/ -->\n<title>Or\u00e7amento | Solicite o contato de um consultor da Audaces<\/title>\n<meta name=\"description\" content=\"Est\u00e1 interessado em adquirir produtos e\/ou solu\u00e7\u00f5es Audaces? Clique aqui e solicite um or\u00e7amento personalizado para o seu neg\u00f3cio!\" \/>\n<meta name=\"robots\" content=\"index, follow, max-snippet:-1, max-image-preview:large, max-video-preview:-1\" \/>\n<link rel=\"canonical\" href=\"https:\/\/audaces.com\/pt-br\/orcamento\" \/>\n<meta property=\"og:locale\" content=\"pt_BR\" \/>\n<meta property=\"og:type\" content=\"article\" \/>\n<meta property=\"og:title\" content=\"Or\u00e7amento | Solicite o contato de um consultor da Audaces\" \/>\n<meta property=\"og:description\" content=\"Est\u00e1 interessado em adquirir produtos e\/ou solu\u00e7\u00f5es Audaces? Clique aqui e solicite um or\u00e7amento personalizado para o seu neg\u00f3cio!\" \/>\n<meta property=\"og:url\" content=\"https:\/\/audaces.com\/pt-br\/orcamento\" \/>\n<meta property=\"og:site_name\" content=\"Audaces\" \/>\n<meta property=\"article:publisher\" content=\"https:\/\/www.facebook.com\/audaces.pt\" \/>\n<meta property=\"article:modified_time\" content=\"2026-01-13T18:12:36+00:00\" \/>\n<meta name=\"twitter:card\" content=\"summary_large_image\" \/>\n<meta name=\"twitter:label1\" content=\"Est. tempo de leitura\" \/>\n\t<meta name=\"twitter:data1\" content=\"2 minutos\" \/>\n<script type=\"application\/ld+json\" class=\"yoast-schema-graph\">{\"@context\":\"https:\\\/\\\/schema.org\",\"@graph\":[{\"@type\":\"WebPage\",\"@id\":\"https:\\\/\\\/audaces.com\\\/pt-br\\\/orcamento\",\"url\":\"https:\\\/\\\/audaces.com\\\/pt-br\\\/orcamento\",\"name\":\"Or\u00e7amento | Solicite o contato de um consultor da Audaces\",\"isPartOf\":{\"@id\":\"https:\\\/\\\/audaces.com\\\/pt-br\\\/#website\"},\"datePublished\":\"2022-02-04T14:27:59+00:00\",\"dateModified\":\"2026-01-13T18:12:36+00:00\",\"description\":\"Est\u00e1 interessado em adquirir produtos e\\\/ou solu\u00e7\u00f5es Audaces? Clique aqui e solicite um or\u00e7amento personalizado para o seu neg\u00f3cio!\",\"breadcrumb\":{\"@id\":\"https:\\\/\\\/audaces.com\\\/pt-br\\\/orcamento#breadcrumb\"},\"inLanguage\":\"pt-BR\",\"potentialAction\":[{\"@type\":\"ReadAction\",\"target\":[\"https:\\\/\\\/audaces.com\\\/pt-br\\\/orcamento\"]}]},{\"@type\":\"BreadcrumbList\",\"@id\":\"https:\\\/\\\/audaces.com\\\/pt-br\\\/orcamento#breadcrumb\",\"itemListElement\":[{\"@type\":\"ListItem\",\"position\":1,\"name\":\"INIZIO\",\"item\":\"https:\\\/\\\/audaces.com\\\/pt-br\"},{\"@type\":\"ListItem\",\"position\":2,\"name\":\"Or\u00e7amento | Solicite o contato de um consultor da Audaces\"}]},{\"@type\":\"WebSite\",\"@id\":\"https:\\\/\\\/audaces.com\\\/pt-br\\\/#website\",\"url\":\"https:\\\/\\\/audaces.com\\\/pt-br\\\/\",\"name\":\"Audaces\",\"description\":\"We are the Industry 4.0\",\"publisher\":{\"@id\":\"https:\\\/\\\/audaces.com\\\/pt-br\\\/#organization\"},\"potentialAction\":[{\"@type\":\"SearchAction\",\"target\":{\"@type\":\"EntryPoint\",\"urlTemplate\":\"https:\\\/\\\/audaces.com\\\/pt-br\\\/?s={search_term_string}\"},\"query-input\":{\"@type\":\"PropertyValueSpecification\",\"valueRequired\":true,\"valueName\":\"search_term_string\"}}],\"inLanguage\":\"pt-BR\"},{\"@type\":\"Organization\",\"@id\":\"https:\\\/\\\/audaces.com\\\/pt-br\\\/#organization\",\"name\":\"Audaces\",\"url\":\"https:\\\/\\\/audaces.com\\\/pt-br\\\/\",\"logo\":{\"@type\":\"ImageObject\",\"inLanguage\":\"pt-BR\",\"@id\":\"https:\\\/\\\/audaces.com\\\/pt-br\\\/#\\\/schema\\\/logo\\\/image\\\/\",\"url\":\"https:\\\/\\\/audaces.com\\\/wp-content\\\/uploads\\\/2022\\\/01\\\/cropped-cropped-logo-audace.png\",\"contentUrl\":\"https:\\\/\\\/audaces.com\\\/wp-content\\\/uploads\\\/2022\\\/01\\\/cropped-cropped-logo-audace.png\",\"width\":512,\"height\":512,\"caption\":\"Audaces\"},\"image\":{\"@id\":\"https:\\\/\\\/audaces.com\\\/pt-br\\\/#\\\/schema\\\/logo\\\/image\\\/\"},\"sameAs\":[\"https:\\\/\\\/www.facebook.com\\\/audaces.pt\"]}]}<\/script>\n<!-- \/ Yoast SEO Premium plugin. -->","yoast_head_json":{"title":"Or\u00e7amento | Solicite o contato de um consultor da Audaces","description":"Est\u00e1 interessado em adquirir produtos e\/ou solu\u00e7\u00f5es Audaces? Clique aqui e solicite um or\u00e7amento personalizado para o seu neg\u00f3cio!","robots":{"index":"index","follow":"follow","max-snippet":"max-snippet:-1","max-image-preview":"max-image-preview:large","max-video-preview":"max-video-preview:-1"},"canonical":"https:\/\/audaces.com\/pt-br\/orcamento","og_locale":"pt_BR","og_type":"article","og_title":"Or\u00e7amento | Solicite o contato de um consultor da Audaces","og_description":"Est\u00e1 interessado em adquirir produtos e\/ou solu\u00e7\u00f5es Audaces? Clique aqui e solicite um or\u00e7amento personalizado para o seu neg\u00f3cio!","og_url":"https:\/\/audaces.com\/pt-br\/orcamento","og_site_name":"Audaces","article_publisher":"https:\/\/www.facebook.com\/audaces.pt","article_modified_time":"2026-01-13T18:12:36+00:00","twitter_card":"summary_large_image","twitter_misc":{"Est. tempo de leitura":"2 minutos"},"schema":{"@context":"https:\/\/schema.org","@graph":[{"@type":"WebPage","@id":"https:\/\/audaces.com\/pt-br\/orcamento","url":"https:\/\/audaces.com\/pt-br\/orcamento","name":"Or\u00e7amento | Solicite o contato de um consultor da Audaces","isPartOf":{"@id":"https:\/\/audaces.com\/pt-br\/#website"},"datePublished":"2022-02-04T14:27:59+00:00","dateModified":"2026-01-13T18:12:36+00:00","description":"Est\u00e1 interessado em adquirir produtos e\/ou solu\u00e7\u00f5es Audaces? Clique aqui e solicite um or\u00e7amento personalizado para o seu neg\u00f3cio!","breadcrumb":{"@id":"https:\/\/audaces.com\/pt-br\/orcamento#breadcrumb"},"inLanguage":"pt-BR","potentialAction":[{"@type":"ReadAction","target":["https:\/\/audaces.com\/pt-br\/orcamento"]}]},{"@type":"BreadcrumbList","@id":"https:\/\/audaces.com\/pt-br\/orcamento#breadcrumb","itemListElement":[{"@type":"ListItem","position":1,"name":"INIZIO","item":"https:\/\/audaces.com\/pt-br"},{"@type":"ListItem","position":2,"name":"Or\u00e7amento | Solicite o contato de um consultor da Audaces"}]},{"@type":"WebSite","@id":"https:\/\/audaces.com\/pt-br\/#website","url":"https:\/\/audaces.com\/pt-br\/","name":"Audaces","description":"We are the Industry 4.0","publisher":{"@id":"https:\/\/audaces.com\/pt-br\/#organization"},"potentialAction":[{"@type":"SearchAction","target":{"@type":"EntryPoint","urlTemplate":"https:\/\/audaces.com\/pt-br\/?s={search_term_string}"},"query-input":{"@type":"PropertyValueSpecification","valueRequired":true,"valueName":"search_term_string"}}],"inLanguage":"pt-BR"},{"@type":"Organization","@id":"https:\/\/audaces.com\/pt-br\/#organization","name":"Audaces","url":"https:\/\/audaces.com\/pt-br\/","logo":{"@type":"ImageObject","inLanguage":"pt-BR","@id":"https:\/\/audaces.com\/pt-br\/#\/schema\/logo\/image\/","url":"https:\/\/audaces.com\/wp-content\/uploads\/2022\/01\/cropped-cropped-logo-audace.png","contentUrl":"https:\/\/audaces.com\/wp-content\/uploads\/2022\/01\/cropped-cropped-logo-audace.png","width":512,"height":512,"caption":"Audaces"},"image":{"@id":"https:\/\/audaces.com\/pt-br\/#\/schema\/logo\/image\/"},"sameAs":["https:\/\/www.facebook.com\/audaces.pt"]}]}},"_links":{"self":[{"href":"https:\/\/audaces.com\/pt-br\/wp-json\/wp\/v2\/pages\/3795","targetHints":{"allow":["GET"]}}],"collection":[{"href":"https:\/\/audaces.com\/pt-br\/wp-json\/wp\/v2\/pages"}],"about":[{"href":"https:\/\/audaces.com\/pt-br\/wp-json\/wp\/v2\/types\/page"}],"author":[{"embeddable":true,"href":"https:\/\/audaces.com\/pt-br\/wp-json\/wp\/v2\/users\/2"}],"replies":[{"embeddable":true,"href":"https:\/\/audaces.com\/pt-br\/wp-json\/wp\/v2\/comments?post=3795"}],"version-history":[{"count":10,"href":"https:\/\/audaces.com\/pt-br\/wp-json\/wp\/v2\/pages\/3795\/revisions"}],"predecessor-version":[{"id":209577,"href":"https:\/\/audaces.com\/pt-br\/wp-json\/wp\/v2\/pages\/3795\/revisions\/209577"}],"wp:attachment":[{"href":"https:\/\/audaces.com\/pt-br\/wp-json\/wp\/v2\/media?parent=3795"}],"wp:term":[{"taxonomy":"produto","embeddable":true,"href":"https:\/\/audaces.com\/pt-br\/wp-json\/wp\/v2\/produto?post=3795"}],"curies":[{"name":"wp","href":"https:\/\/api.w.org\/{rel}","templated":true}]}}