{"id":20683,"date":"2019-03-14T14:42:12","date_gmt":"2019-03-14T17:42:12","guid":{"rendered":"https:\/\/audaces.com\/?page_id=20683"},"modified":"2019-03-14T14:42:12","modified_gmt":"2019-03-14T17:42:12","slug":"pesquisa","status":"publish","type":"page","link":"https:\/\/audaces.com\/pt-br\/pesquisa","title":{"rendered":"Pesquisa"},"content":{"rendered":"<p><iframe src=\"https:\/\/docs.google.com\/forms\/d\/e\/1FAIpQLSfbV4_74OoQUy-GV6wneo3TQJpVGBAQlnykR_Djy5YqGmcoUg\/viewform?embedded=true\" width=\"100%\" height=\"5000\" frameborder=\"0\" marginheight=\"0\" marginwidth=\"0\">Carregando\u2026<\/iframe><\/p>\n","protected":false},"excerpt":{"rendered":"<p>Queremos saber o ponto de vista de amigos e clientes. Por isso criamos uma pesquisa an\u00f4nima sobre o desempenho das solu\u00e7\u00f5es Audaces .<\/p>\n","protected":false},"author":2,"featured_media":0,"parent":0,"menu_order":0,"comment_status":"closed","ping_status":"closed","template":"page_embed.php","meta":{"footnotes":""},"produto":[],"class_list":["post-20683","page","type-page","status-publish","hentry"],"yoast_head":"<!-- This site is optimized with the Yoast SEO Premium plugin v21.6 (Yoast SEO v27.3) - https:\/\/yoast.com\/product\/yoast-seo-premium-wordpress\/ -->\n<title>Queremos conhecer voc\u00ea melhor! Participe da pesquisa Audaces<\/title>\n<meta name=\"description\" content=\"Queremos saber o ponto de vista de amigos e clientes. Por isso criamos uma pesquisa an\u00f4nima sobre o desempenho das solu\u00e7\u00f5es Audaces .\" \/>\n<meta name=\"robots\" content=\"index, follow, max-snippet:-1, max-image-preview:large, max-video-preview:-1\" \/>\n<link rel=\"canonical\" href=\"https:\/\/audaces.com\/pt-br\/pesquisa\" \/>\n<meta property=\"og:locale\" content=\"pt_BR\" \/>\n<meta property=\"og:type\" content=\"article\" \/>\n<meta property=\"og:title\" content=\"Queremos conhecer voc\u00ea melhor! Participe da pesquisa Audaces\" \/>\n<meta property=\"og:description\" content=\"Queremos saber o ponto de vista de amigos e clientes. Por isso criamos uma pesquisa an\u00f4nima sobre o desempenho das solu\u00e7\u00f5es Audaces .\" \/>\n<meta property=\"og:url\" content=\"https:\/\/audaces.com\/pt-br\/pesquisa\" \/>\n<meta property=\"og:site_name\" content=\"Audaces\" \/>\n<meta property=\"article:publisher\" content=\"https:\/\/www.facebook.com\/audaces.pt\" \/>\n<meta name=\"twitter:card\" content=\"summary_large_image\" \/>\n<script type=\"application\/ld+json\" class=\"yoast-schema-graph\">{\"@context\":\"https:\\\/\\\/schema.org\",\"@graph\":[{\"@type\":\"WebPage\",\"@id\":\"https:\\\/\\\/audaces.com\\\/pt-br\\\/pesquisa\",\"url\":\"https:\\\/\\\/audaces.com\\\/pt-br\\\/pesquisa\",\"name\":\"Queremos conhecer voc\u00ea melhor! Participe da pesquisa Audaces\",\"isPartOf\":{\"@id\":\"https:\\\/\\\/audaces.com\\\/pt-br\\\/#website\"},\"datePublished\":\"2019-03-14T17:42:12+00:00\",\"description\":\"Queremos saber o ponto de vista de amigos e clientes. Por isso criamos uma pesquisa an\u00f4nima sobre o desempenho das solu\u00e7\u00f5es Audaces .\",\"breadcrumb\":{\"@id\":\"https:\\\/\\\/audaces.com\\\/pt-br\\\/pesquisa#breadcrumb\"},\"inLanguage\":\"pt-BR\",\"potentialAction\":[{\"@type\":\"ReadAction\",\"target\":[\"https:\\\/\\\/audaces.com\\\/pt-br\\\/pesquisa\"]}]},{\"@type\":\"BreadcrumbList\",\"@id\":\"https:\\\/\\\/audaces.com\\\/pt-br\\\/pesquisa#breadcrumb\",\"itemListElement\":[{\"@type\":\"ListItem\",\"position\":1,\"name\":\"INIZIO\",\"item\":\"https:\\\/\\\/audaces.com\\\/pt-br\"},{\"@type\":\"ListItem\",\"position\":2,\"name\":\"Pesquisa\"}]},{\"@type\":\"WebSite\",\"@id\":\"https:\\\/\\\/audaces.com\\\/pt-br\\\/#website\",\"url\":\"https:\\\/\\\/audaces.com\\\/pt-br\\\/\",\"name\":\"Audaces\",\"description\":\"We are the Industry 4.0\",\"publisher\":{\"@id\":\"https:\\\/\\\/audaces.com\\\/pt-br\\\/#organization\"},\"potentialAction\":[{\"@type\":\"SearchAction\",\"target\":{\"@type\":\"EntryPoint\",\"urlTemplate\":\"https:\\\/\\\/audaces.com\\\/pt-br\\\/?s={search_term_string}\"},\"query-input\":{\"@type\":\"PropertyValueSpecification\",\"valueRequired\":true,\"valueName\":\"search_term_string\"}}],\"inLanguage\":\"pt-BR\"},{\"@type\":\"Organization\",\"@id\":\"https:\\\/\\\/audaces.com\\\/pt-br\\\/#organization\",\"name\":\"Audaces\",\"url\":\"https:\\\/\\\/audaces.com\\\/pt-br\\\/\",\"logo\":{\"@type\":\"ImageObject\",\"inLanguage\":\"pt-BR\",\"@id\":\"https:\\\/\\\/audaces.com\\\/pt-br\\\/#\\\/schema\\\/logo\\\/image\\\/\",\"url\":\"https:\\\/\\\/audaces.com\\\/wp-content\\\/uploads\\\/2022\\\/01\\\/cropped-cropped-logo-audace.png\",\"contentUrl\":\"https:\\\/\\\/audaces.com\\\/wp-content\\\/uploads\\\/2022\\\/01\\\/cropped-cropped-logo-audace.png\",\"width\":512,\"height\":512,\"caption\":\"Audaces\"},\"image\":{\"@id\":\"https:\\\/\\\/audaces.com\\\/pt-br\\\/#\\\/schema\\\/logo\\\/image\\\/\"},\"sameAs\":[\"https:\\\/\\\/www.facebook.com\\\/audaces.pt\"]}]}<\/script>\n<!-- \/ Yoast SEO Premium plugin. -->","yoast_head_json":{"title":"Queremos conhecer voc\u00ea melhor! Participe da pesquisa Audaces","description":"Queremos saber o ponto de vista de amigos e clientes. Por isso criamos uma pesquisa an\u00f4nima sobre o desempenho das solu\u00e7\u00f5es Audaces .","robots":{"index":"index","follow":"follow","max-snippet":"max-snippet:-1","max-image-preview":"max-image-preview:large","max-video-preview":"max-video-preview:-1"},"canonical":"https:\/\/audaces.com\/pt-br\/pesquisa","og_locale":"pt_BR","og_type":"article","og_title":"Queremos conhecer voc\u00ea melhor! Participe da pesquisa Audaces","og_description":"Queremos saber o ponto de vista de amigos e clientes. Por isso criamos uma pesquisa an\u00f4nima sobre o desempenho das solu\u00e7\u00f5es Audaces .","og_url":"https:\/\/audaces.com\/pt-br\/pesquisa","og_site_name":"Audaces","article_publisher":"https:\/\/www.facebook.com\/audaces.pt","twitter_card":"summary_large_image","schema":{"@context":"https:\/\/schema.org","@graph":[{"@type":"WebPage","@id":"https:\/\/audaces.com\/pt-br\/pesquisa","url":"https:\/\/audaces.com\/pt-br\/pesquisa","name":"Queremos conhecer voc\u00ea melhor! Participe da pesquisa Audaces","isPartOf":{"@id":"https:\/\/audaces.com\/pt-br\/#website"},"datePublished":"2019-03-14T17:42:12+00:00","description":"Queremos saber o ponto de vista de amigos e clientes. Por isso criamos uma pesquisa an\u00f4nima sobre o desempenho das solu\u00e7\u00f5es Audaces .","breadcrumb":{"@id":"https:\/\/audaces.com\/pt-br\/pesquisa#breadcrumb"},"inLanguage":"pt-BR","potentialAction":[{"@type":"ReadAction","target":["https:\/\/audaces.com\/pt-br\/pesquisa"]}]},{"@type":"BreadcrumbList","@id":"https:\/\/audaces.com\/pt-br\/pesquisa#breadcrumb","itemListElement":[{"@type":"ListItem","position":1,"name":"INIZIO","item":"https:\/\/audaces.com\/pt-br"},{"@type":"ListItem","position":2,"name":"Pesquisa"}]},{"@type":"WebSite","@id":"https:\/\/audaces.com\/pt-br\/#website","url":"https:\/\/audaces.com\/pt-br\/","name":"Audaces","description":"We are the Industry 4.0","publisher":{"@id":"https:\/\/audaces.com\/pt-br\/#organization"},"potentialAction":[{"@type":"SearchAction","target":{"@type":"EntryPoint","urlTemplate":"https:\/\/audaces.com\/pt-br\/?s={search_term_string}"},"query-input":{"@type":"PropertyValueSpecification","valueRequired":true,"valueName":"search_term_string"}}],"inLanguage":"pt-BR"},{"@type":"Organization","@id":"https:\/\/audaces.com\/pt-br\/#organization","name":"Audaces","url":"https:\/\/audaces.com\/pt-br\/","logo":{"@type":"ImageObject","inLanguage":"pt-BR","@id":"https:\/\/audaces.com\/pt-br\/#\/schema\/logo\/image\/","url":"https:\/\/audaces.com\/wp-content\/uploads\/2022\/01\/cropped-cropped-logo-audace.png","contentUrl":"https:\/\/audaces.com\/wp-content\/uploads\/2022\/01\/cropped-cropped-logo-audace.png","width":512,"height":512,"caption":"Audaces"},"image":{"@id":"https:\/\/audaces.com\/pt-br\/#\/schema\/logo\/image\/"},"sameAs":["https:\/\/www.facebook.com\/audaces.pt"]}]}},"_links":{"self":[{"href":"https:\/\/audaces.com\/pt-br\/wp-json\/wp\/v2\/pages\/20683","targetHints":{"allow":["GET"]}}],"collection":[{"href":"https:\/\/audaces.com\/pt-br\/wp-json\/wp\/v2\/pages"}],"about":[{"href":"https:\/\/audaces.com\/pt-br\/wp-json\/wp\/v2\/types\/page"}],"author":[{"embeddable":true,"href":"https:\/\/audaces.com\/pt-br\/wp-json\/wp\/v2\/users\/2"}],"replies":[{"embeddable":true,"href":"https:\/\/audaces.com\/pt-br\/wp-json\/wp\/v2\/comments?post=20683"}],"version-history":[{"count":0,"href":"https:\/\/audaces.com\/pt-br\/wp-json\/wp\/v2\/pages\/20683\/revisions"}],"wp:attachment":[{"href":"https:\/\/audaces.com\/pt-br\/wp-json\/wp\/v2\/media?parent=20683"}],"wp:term":[{"taxonomy":"produto","embeddable":true,"href":"https:\/\/audaces.com\/pt-br\/wp-json\/wp\/v2\/produto?post=20683"}],"curies":[{"name":"wp","href":"https:\/\/api.w.org\/{rel}","templated":true}]}}