{"id":159686,"date":"2024-01-18T16:49:49","date_gmt":"2024-01-18T19:49:49","guid":{"rendered":"https:\/\/audaces.com\/?page_id=159686"},"modified":"2024-11-07T09:50:18","modified_gmt":"2024-11-07T12:50:18","slug":"solicite-um-orcamento","status":"publish","type":"page","link":"https:\/\/audaces.com\/pt-br\/solicite-um-orcamento","title":{"rendered":"Or\u00e7amento | Solicite o contato de um consultor da Audaces"},"content":{"rendered":"\t\t<div data-elementor-type=\"wp-page\" data-elementor-id=\"159686\" class=\"elementor elementor-159686\" data-elementor-post-type=\"page\">\n\t\t\t\t\t\t<section class=\"elementor-section elementor-top-section elementor-element elementor-element-7cdc864 elementor-section-boxed elementor-section-height-default elementor-section-height-default\" data-id=\"7cdc864\" data-element_type=\"section\">\n\t\t\t\t\t\t<div class=\"elementor-container elementor-column-gap-default\">\n\t\t\t\t\t<div class=\"elementor-column elementor-col-100 elementor-top-column elementor-element elementor-element-e06d8fb\" data-id=\"e06d8fb\" data-element_type=\"column\">\n\t\t\t<div class=\"elementor-widget-wrap elementor-element-populated\">\n\t\t\t\t\t\t<div class=\"elementor-element elementor-element-2b46576 elementor-icon-list--layout-inline elementor-list-item-link-full_width elementor-widget elementor-widget-icon-list\" data-id=\"2b46576\" data-element_type=\"widget\" data-widget_type=\"icon-list.default\">\n\t\t\t\t<div class=\"elementor-widget-container\">\n\t\t\t\t\t\t\t<ul class=\"elementor-icon-list-items elementor-inline-items\">\n\t\t\t\t\t\t\t<li class=\"elementor-icon-list-item elementor-inline-item\">\n\t\t\t\t\t\t\t\t\t\t\t<a href=\"\/#\">\n\n\t\t\t\t\t\t\t\t\t\t\t<span class=\"elementor-icon-list-text\">IN\u00cdCIO \/<\/span>\n\t\t\t\t\t\t\t\t\t\t\t<\/a>\n\t\t\t\t\t\t\t\t\t<\/li>\n\t\t\t\t\t\t\t\t<li class=\"elementor-icon-list-item elementor-inline-item\">\n\t\t\t\t\t\t\t\t\t\t\t<a href=\"\/orcamento\">\n\n\t\t\t\t\t\t\t\t\t\t\t<span class=\"elementor-icon-list-text\">Or\u00e7amento<\/span>\n\t\t\t\t\t\t\t\t\t\t\t<\/a>\n\t\t\t\t\t\t\t\t\t<\/li>\n\t\t\t\t\t\t<\/ul>\n\t\t\t\t\t\t<\/div>\n\t\t\t\t<\/div>\n\t\t\t\t\t<\/div>\n\t\t<\/div>\n\t\t\t\t\t<\/div>\n\t\t<\/section>\n\t\t\t\t<section class=\"elementor-section elementor-top-section elementor-element elementor-element-0b865e8 elementor-section-full_width elementor-section-height-default elementor-section-height-default\" data-id=\"0b865e8\" data-element_type=\"section\" data-settings=\"{&quot;background_background&quot;:&quot;classic&quot;}\">\n\t\t\t\t\t\t<div class=\"elementor-container elementor-column-gap-default\">\n\t\t\t\t\t<div class=\"elementor-column elementor-col-100 elementor-top-column elementor-element elementor-element-17e07af\" data-id=\"17e07af\" data-element_type=\"column\">\n\t\t\t<div class=\"elementor-widget-wrap elementor-element-populated\">\n\t\t\t\t\t\t<div class=\"elementor-element elementor-element-367e805 elementor-widget elementor-widget-heading\" data-id=\"367e805\" data-element_type=\"widget\" data-widget_type=\"heading.default\">\n\t\t\t\t<div class=\"elementor-widget-container\">\n\t\t\t\t\t<h1 class=\"elementor-heading-title elementor-size-default\">Formul\u00e1rio<\/h1>\t\t\t\t<\/div>\n\t\t\t\t<\/div>\n\t\t\t\t<div class=\"elementor-element elementor-element-0bb4845 elementor-widget elementor-widget-text-editor\" data-id=\"0bb4845\" data-element_type=\"widget\" data-widget_type=\"text-editor.default\">\n\t\t\t\t<div class=\"elementor-widget-container\">\n\t\t\t\t\t\t\t\t\tFale com a Audaces\t\t\t\t\t\t\t\t<\/div>\n\t\t\t\t<\/div>\n\t\t\t\t<section class=\"elementor-section elementor-inner-section elementor-element elementor-element-e984f7a elementor-section-boxed elementor-section-height-default elementor-section-height-default\" data-id=\"e984f7a\" data-element_type=\"section\">\n\t\t\t\t\t\t<div class=\"elementor-container elementor-column-gap-default\">\n\t\t\t\t\t<div class=\"elementor-column elementor-col-100 elementor-inner-column elementor-element elementor-element-9b1968f\" data-id=\"9b1968f\" data-element_type=\"column\">\n\t\t\t<div class=\"elementor-widget-wrap elementor-element-populated\">\n\t\t\t\t\t\t<div class=\"elementor-element elementor-element-0e6dc0f elementor-widget elementor-widget-text-editor\" data-id=\"0e6dc0f\" data-element_type=\"widget\" data-widget_type=\"text-editor.default\">\n\t\t\t\t<div class=\"elementor-widget-container\">\n\t\t\t\t\t\t\t\t\t* Todos os campos s\u00e3o de preenchimento obrigat\u00f3rio.\n\t\t\t\t\t\t\t\t<\/div>\n\t\t\t\t<\/div>\n\t\t\t\t<div class=\"elementor-element elementor-element-fb207ad elementor-widget elementor-widget-html\" data-id=\"fb207ad\" data-element_type=\"widget\" data-widget_type=\"html.default\">\n\t\t\t\t<div class=\"elementor-widget-container\">\n\t\t\t\t\t<div role=\"main\" id=\"2023-sala-de-corte-antecipar-informacoes-pagina-de-produtos-site-06b47f8ab06e00a0efa8\">\n<\/div>\n\n<script type=\"text\/javascript\">\n  var script = document.createElement('script');\n  script.src = 'https:\/\/d335luupugsy2.cloudfront.net\/js\/rdstation-forms\/stable\/rdstation-forms.min.js'; \/\/source\n  var callback = function () {\n    new RDStationForms('2023-sala-de-corte-antecipar-informacoes-pagina-de-produtos-site-06b47f8ab06e00a0efa8', 'UA-78634938-2').createForm();\n    const urlSearchParams = new URLSearchParams(window.location.search);\n\n    const params = Object.fromEntries(urlSearchParams.entries());\n\n    console.log('params :', params);\n\n    setTimeout(function () {\n      const inputProduto = jQuery(\"input[name='custom_fields[1641363]']\")\n      inputProduto.val(params.lastPage);\n      inputProduto.css('visibility', 'hidden');\n      inputProduto.prev().css('visibility', 'hidden');\n      inputProduto.attr('style', 'position: absolute!important; visibility: hidden!important;');\n      inputProduto.prev().attr('style', 'position: absolute!important; visibility: hidden!important;');\n\n      const inputPlano = jQuery(\"input[name='custom_fields[1976781]']\")\n      inputPlano.val(params.plan);\n      inputPlano.css('visibility', 'hidden');\n      inputPlano.prev().css('visibility', 'hidden');\n      inputPlano.attr('style', 'position: absolute!important; visibility: hidden!important;');\n      inputPlano.prev().attr('style', 'position: absolute!important; visibility: hidden!important;');\n\n\n\n\n      document.querySelector('.bricks-form__submit').onclick = function () {\n\n        const baseUrl = window.location.pathname;\n        const urlArray = baseUrl.split('\/')\n\n        const name = document.querySelector('#rd-text_field-l8yhfwwj').value\n        const email = document.querySelector('#rd-email_field-l8yhfwwk').value\n        const company = document.querySelector('#rd-text_field-l8yhfwwl').value\n\n        const role = document.querySelector('#rd-select_field-l8yhfwwm').value\n        const monthly_production = document.querySelector('#rd-select_field-l8yhfwwn').value\n        const state = document.querySelector('#rd-select_field-l8yhfwwo').value\n\n        const phone = document.querySelector('#rd-phone_field-l8yhfwwp').value\n        const description = document.querySelector('#rd-text_area_field-l8yhfwwq').value\n\n\n        dataLayer.push({\n          event: 'form_quote',\n          product: params.lastPage,\n          plan: params.plan,\n          language: urlArray[1].substring(0, 2),\n\n          name,\n          email,\n          company,\n          monthly_production,\n          phone: phone.replace(\/\\D\/g, ''),\n          state: state.split('(')[1].split(')')[0],\n          role,\n          country_phone: phone.split(' ')[0].replace('+', ''),\n          description,\n\n          utm_source: params.utm_source,\n          utm_medium: params.utm_medium,\n          utm_campaign: params.utm_campaign,\n          utm_content: params.utm_content,\n          utm_term: params.utm_term,\n        })\n      }\n    }, 1000);\n  }\n  script.onload = callback;\n  document.head.appendChild(script);\n<\/script>\t\t\t\t<\/div>\n\t\t\t\t<\/div>\n\t\t\t\t<div class=\"elementor-element elementor-element-f8e5de1 elementor-widget elementor-widget-spacer\" data-id=\"f8e5de1\" data-element_type=\"widget\" data-widget_type=\"spacer.default\">\n\t\t\t\t<div class=\"elementor-widget-container\">\n\t\t\t\t\t\t\t<div class=\"elementor-spacer\">\n\t\t\t<div class=\"elementor-spacer-inner\"><\/div>\n\t\t<\/div>\n\t\t\t\t\t\t<\/div>\n\t\t\t\t<\/div>\n\t\t\t\t\t<\/div>\n\t\t<\/div>\n\t\t\t\t\t<\/div>\n\t\t<\/section>\n\t\t\t\t\t<\/div>\n\t\t<\/div>\n\t\t\t\t\t<\/div>\n\t\t<\/section>\n\t\t\t\t<\/div>\n\t\t","protected":false},"excerpt":{"rendered":"<p>IN\u00cdCIO \/ Or\u00e7amento Formul\u00e1rio Fale com a Audaces* Todos os campos s\u00e3o de preenchimento obrigat\u00f3rio.<\/p>\n","protected":false},"author":44,"featured_media":0,"parent":0,"menu_order":0,"comment_status":"closed","ping_status":"closed","template":"","meta":{"footnotes":""},"produto":[],"class_list":["post-159686","page","type-page","status-publish","hentry"],"yoast_head":"<!-- This site is optimized with the Yoast SEO Premium plugin v27.4 (Yoast SEO v27.4) - https:\/\/yoast.com\/product\/yoast-seo-premium-wordpress\/ -->\n<title>Or\u00e7amento | Solicite o contato de um consultor da Audaces - Audaces<\/title>\n<meta name=\"description\" content=\"Or\u00e7amento | Solicite o contato de um consultor da Audaces - Audaces\" \/>\n<meta name=\"robots\" content=\"index, follow, max-snippet:-1, max-image-preview:large, max-video-preview:-1\" \/>\n<link rel=\"canonical\" href=\"https:\/\/audaces.com\/pt-br\/solicite-um-orcamento\" \/>\n<meta property=\"og:locale\" content=\"pt_BR\" \/>\n<meta property=\"og:type\" content=\"article\" \/>\n<meta property=\"og:title\" content=\"Or\u00e7amento | Solicite o contato de um consultor da Audaces - Audaces\" \/>\n<meta property=\"og:description\" content=\"Or\u00e7amento | Solicite o contato de um consultor da Audaces - Audaces\" \/>\n<meta property=\"og:url\" content=\"https:\/\/audaces.com\/pt-br\/solicite-um-orcamento\" \/>\n<meta property=\"og:site_name\" content=\"Audaces\" \/>\n<meta property=\"article:publisher\" content=\"https:\/\/www.facebook.com\/audaces.pt\" \/>\n<meta property=\"article:modified_time\" content=\"2024-11-07T12:50:18+00:00\" \/>\n<meta name=\"twitter:card\" content=\"summary_large_image\" \/>\n<meta name=\"twitter:label1\" content=\"Est. tempo de leitura\" \/>\n\t<meta name=\"twitter:data1\" content=\"1 minuto\" \/>\n<script type=\"application\/ld+json\" class=\"yoast-schema-graph\">{\"@context\":\"https:\\\/\\\/schema.org\",\"@graph\":[{\"@type\":\"WebPage\",\"@id\":\"https:\\\/\\\/audaces.com\\\/pt-br\\\/solicite-um-orcamento\",\"url\":\"https:\\\/\\\/audaces.com\\\/pt-br\\\/solicite-um-orcamento\",\"name\":\"Or\u00e7amento | Solicite o contato de um consultor da Audaces - Audaces\",\"isPartOf\":{\"@id\":\"https:\\\/\\\/audaces.com\\\/pt-br\\\/#website\"},\"datePublished\":\"2024-01-18T19:49:49+00:00\",\"dateModified\":\"2024-11-07T12:50:18+00:00\",\"description\":\"Or\u00e7amento | Solicite o contato de um consultor da Audaces - Audaces\",\"breadcrumb\":{\"@id\":\"https:\\\/\\\/audaces.com\\\/pt-br\\\/solicite-um-orcamento#breadcrumb\"},\"inLanguage\":\"pt-BR\",\"potentialAction\":[{\"@type\":\"ReadAction\",\"target\":[\"https:\\\/\\\/audaces.com\\\/pt-br\\\/solicite-um-orcamento\"]}]},{\"@type\":\"BreadcrumbList\",\"@id\":\"https:\\\/\\\/audaces.com\\\/pt-br\\\/solicite-um-orcamento#breadcrumb\",\"itemListElement\":[{\"@type\":\"ListItem\",\"position\":1,\"name\":\"INIZIO\",\"item\":\"https:\\\/\\\/audaces.com\\\/pt-br\"},{\"@type\":\"ListItem\",\"position\":2,\"name\":\"Or\u00e7amento | Solicite o contato de um consultor da Audaces\"}]},{\"@type\":\"WebSite\",\"@id\":\"https:\\\/\\\/audaces.com\\\/pt-br\\\/#website\",\"url\":\"https:\\\/\\\/audaces.com\\\/pt-br\\\/\",\"name\":\"Audaces\",\"description\":\"We are the Industry 4.0\",\"publisher\":{\"@id\":\"https:\\\/\\\/audaces.com\\\/pt-br\\\/#organization\"},\"potentialAction\":[{\"@type\":\"SearchAction\",\"target\":{\"@type\":\"EntryPoint\",\"urlTemplate\":\"https:\\\/\\\/audaces.com\\\/pt-br\\\/?s={search_term_string}\"},\"query-input\":{\"@type\":\"PropertyValueSpecification\",\"valueRequired\":true,\"valueName\":\"search_term_string\"}}],\"inLanguage\":\"pt-BR\"},{\"@type\":\"Organization\",\"@id\":\"https:\\\/\\\/audaces.com\\\/pt-br\\\/#organization\",\"name\":\"Audaces\",\"url\":\"https:\\\/\\\/audaces.com\\\/pt-br\\\/\",\"logo\":{\"@type\":\"ImageObject\",\"inLanguage\":\"pt-BR\",\"@id\":\"https:\\\/\\\/audaces.com\\\/pt-br\\\/#\\\/schema\\\/logo\\\/image\\\/\",\"url\":\"https:\\\/\\\/audaces.com\\\/wp-content\\\/uploads\\\/2022\\\/01\\\/cropped-cropped-logo-audace.png\",\"contentUrl\":\"https:\\\/\\\/audaces.com\\\/wp-content\\\/uploads\\\/2022\\\/01\\\/cropped-cropped-logo-audace.png\",\"width\":512,\"height\":512,\"caption\":\"Audaces\"},\"image\":{\"@id\":\"https:\\\/\\\/audaces.com\\\/pt-br\\\/#\\\/schema\\\/logo\\\/image\\\/\"},\"sameAs\":[\"https:\\\/\\\/www.facebook.com\\\/audaces.pt\"]}]}<\/script>\n<!-- \/ Yoast SEO Premium plugin. -->","yoast_head_json":{"title":"Or\u00e7amento | Solicite o contato de um consultor da Audaces - Audaces","description":"Or\u00e7amento | Solicite o contato de um consultor da Audaces - Audaces","robots":{"index":"index","follow":"follow","max-snippet":"max-snippet:-1","max-image-preview":"max-image-preview:large","max-video-preview":"max-video-preview:-1"},"canonical":"https:\/\/audaces.com\/pt-br\/solicite-um-orcamento","og_locale":"pt_BR","og_type":"article","og_title":"Or\u00e7amento | Solicite o contato de um consultor da Audaces - Audaces","og_description":"Or\u00e7amento | Solicite o contato de um consultor da Audaces - Audaces","og_url":"https:\/\/audaces.com\/pt-br\/solicite-um-orcamento","og_site_name":"Audaces","article_publisher":"https:\/\/www.facebook.com\/audaces.pt","article_modified_time":"2024-11-07T12:50:18+00:00","twitter_card":"summary_large_image","twitter_misc":{"Est. tempo de leitura":"1 minuto"},"schema":{"@context":"https:\/\/schema.org","@graph":[{"@type":"WebPage","@id":"https:\/\/audaces.com\/pt-br\/solicite-um-orcamento","url":"https:\/\/audaces.com\/pt-br\/solicite-um-orcamento","name":"Or\u00e7amento | Solicite o contato de um consultor da Audaces - Audaces","isPartOf":{"@id":"https:\/\/audaces.com\/pt-br\/#website"},"datePublished":"2024-01-18T19:49:49+00:00","dateModified":"2024-11-07T12:50:18+00:00","description":"Or\u00e7amento | Solicite o contato de um consultor da Audaces - Audaces","breadcrumb":{"@id":"https:\/\/audaces.com\/pt-br\/solicite-um-orcamento#breadcrumb"},"inLanguage":"pt-BR","potentialAction":[{"@type":"ReadAction","target":["https:\/\/audaces.com\/pt-br\/solicite-um-orcamento"]}]},{"@type":"BreadcrumbList","@id":"https:\/\/audaces.com\/pt-br\/solicite-um-orcamento#breadcrumb","itemListElement":[{"@type":"ListItem","position":1,"name":"INIZIO","item":"https:\/\/audaces.com\/pt-br"},{"@type":"ListItem","position":2,"name":"Or\u00e7amento | Solicite o contato de um consultor da Audaces"}]},{"@type":"WebSite","@id":"https:\/\/audaces.com\/pt-br\/#website","url":"https:\/\/audaces.com\/pt-br\/","name":"Audaces","description":"We are the Industry 4.0","publisher":{"@id":"https:\/\/audaces.com\/pt-br\/#organization"},"potentialAction":[{"@type":"SearchAction","target":{"@type":"EntryPoint","urlTemplate":"https:\/\/audaces.com\/pt-br\/?s={search_term_string}"},"query-input":{"@type":"PropertyValueSpecification","valueRequired":true,"valueName":"search_term_string"}}],"inLanguage":"pt-BR"},{"@type":"Organization","@id":"https:\/\/audaces.com\/pt-br\/#organization","name":"Audaces","url":"https:\/\/audaces.com\/pt-br\/","logo":{"@type":"ImageObject","inLanguage":"pt-BR","@id":"https:\/\/audaces.com\/pt-br\/#\/schema\/logo\/image\/","url":"https:\/\/audaces.com\/wp-content\/uploads\/2022\/01\/cropped-cropped-logo-audace.png","contentUrl":"https:\/\/audaces.com\/wp-content\/uploads\/2022\/01\/cropped-cropped-logo-audace.png","width":512,"height":512,"caption":"Audaces"},"image":{"@id":"https:\/\/audaces.com\/pt-br\/#\/schema\/logo\/image\/"},"sameAs":["https:\/\/www.facebook.com\/audaces.pt"]}]}},"_links":{"self":[{"href":"https:\/\/audaces.com\/pt-br\/wp-json\/wp\/v2\/pages\/159686","targetHints":{"allow":["GET"]}}],"collection":[{"href":"https:\/\/audaces.com\/pt-br\/wp-json\/wp\/v2\/pages"}],"about":[{"href":"https:\/\/audaces.com\/pt-br\/wp-json\/wp\/v2\/types\/page"}],"author":[{"embeddable":true,"href":"https:\/\/audaces.com\/pt-br\/wp-json\/wp\/v2\/users\/44"}],"replies":[{"embeddable":true,"href":"https:\/\/audaces.com\/pt-br\/wp-json\/wp\/v2\/comments?post=159686"}],"version-history":[{"count":10,"href":"https:\/\/audaces.com\/pt-br\/wp-json\/wp\/v2\/pages\/159686\/revisions"}],"predecessor-version":[{"id":183473,"href":"https:\/\/audaces.com\/pt-br\/wp-json\/wp\/v2\/pages\/159686\/revisions\/183473"}],"wp:attachment":[{"href":"https:\/\/audaces.com\/pt-br\/wp-json\/wp\/v2\/media?parent=159686"}],"wp:term":[{"taxonomy":"produto","embeddable":true,"href":"https:\/\/audaces.com\/pt-br\/wp-json\/wp\/v2\/produto?post=159686"}],"curies":[{"name":"wp","href":"https:\/\/api.w.org\/{rel}","templated":true}]}}