{"id":159161,"date":"2024-01-10T17:09:29","date_gmt":"2024-01-10T20:09:29","guid":{"rendered":"https:\/\/audaces.com\/?page_id=159161"},"modified":"2024-05-14T13:46:14","modified_gmt":"2024-05-14T16:46:14","slug":"solicitacao","status":"publish","type":"page","link":"https:\/\/audaces.com\/pt-br\/politica-privacidade\/solicitacao","title":{"rendered":"Solicita\u00e7\u00e3o aos meus dados pessoais"},"content":{"rendered":"\t\t<div data-elementor-type=\"wp-page\" data-elementor-id=\"159161\" class=\"elementor elementor-159161\" data-elementor-post-type=\"page\">\n\t\t\t\t\t\t<section class=\"elementor-section elementor-top-section elementor-element elementor-element-26aeafd elementor-section-boxed elementor-section-height-default elementor-section-height-default\" data-id=\"26aeafd\" data-element_type=\"section\" data-settings=\"{&quot;background_background&quot;:&quot;classic&quot;}\">\n\t\t\t\t\t\t<div class=\"elementor-container elementor-column-gap-default\">\n\t\t\t\t\t<div class=\"elementor-column elementor-col-100 elementor-top-column elementor-element elementor-element-4652df2\" data-id=\"4652df2\" data-element_type=\"column\">\n\t\t\t<div class=\"elementor-widget-wrap elementor-element-populated\">\n\t\t\t\t\t\t<div class=\"elementor-element elementor-element-140e64e elementor-widget elementor-widget-heading\" data-id=\"140e64e\" data-element_type=\"widget\" data-widget_type=\"heading.default\">\n\t\t\t\t<div class=\"elementor-widget-container\">\n\t\t\t\t\t<h1 class=\"elementor-heading-title elementor-size-default\">Formul\u00e1rio de solicita\u00e7\u00e3o aos meus dados pessoais<\/h1>\t\t\t\t<\/div>\n\t\t\t\t<\/div>\n\t\t\t\t<div class=\"elementor-element elementor-element-2e35daf elementor-widget elementor-widget-shortcode\" data-id=\"2e35daf\" data-element_type=\"widget\" data-widget_type=\"shortcode.default\">\n\t\t\t\t<div class=\"elementor-widget-container\">\n\t\t\t\t\t\t\t<div class=\"elementor-shortcode\"><style id=\"wpforms-css-vars-159130\">\n\t\t\t\t#wpforms-159130 {\n\t\t\t\t--wpforms-field-size-input-height: 43px;\n--wpforms-field-size-input-spacing: 15px;\n--wpforms-field-size-font-size: 16px;\n--wpforms-field-size-line-height: 19px;\n--wpforms-field-size-padding-h: 14px;\n--wpforms-field-size-checkbox-size: 16px;\n--wpforms-field-size-sublabel-spacing: 5px;\n--wpforms-field-size-icon-size: 1;\n--wpforms-label-size-font-size: 16px;\n--wpforms-label-size-line-height: 19px;\n--wpforms-label-size-sublabel-font-size: 14px;\n--wpforms-label-size-sublabel-line-height: 17px;\n--wpforms-button-size-font-size: 17px;\n--wpforms-button-size-height: 41px;\n--wpforms-button-size-padding-h: 15px;\n--wpforms-button-size-margin-top: 10px;\n--wpforms-container-shadow-size-box-shadow: none;\n\t\t\t}\n\t\t\t<\/style><div class=\"wpforms-container wpforms-container-full wpforms-render-modern\" id=\"wpforms-159130\"><form id=\"wpforms-form-159130\" class=\"wpforms-validate wpforms-form wpforms-ajax-form\" data-formid=\"159130\" method=\"post\" enctype=\"multipart\/form-data\" action=\"\/pt-br\/wp-json\/wp\/v2\/pages\/159161?wpforms_form_id=159130\" data-token=\"5d4a6e6c89bb0e9b12f542ac1075f8e9\" data-token-time=\"1778208703\"><noscript class=\"wpforms-error-noscript\">Ative o JavaScript no seu navegador para preencher este formul\u00e1rio.<\/noscript><div id=\"wpforms-error-noscript\" style=\"display: none;\">Ative o JavaScript no seu navegador para preencher este formul\u00e1rio.<\/div><div class=\"wpforms-field-container\"><div id=\"wpforms-159130-field_9-container\" class=\"wpforms-field wpforms-field-html\" data-field-id=\"9\"><div id=\"wpforms-159130-field_9\" aria-errormessage=\"wpforms-159130-field_9-error\"><p>Este canal tem como objetivo exclusivo para atendimento dos direitos dos titulares dos dados, conforme disposto no artigo 18\u00ba da Lei 13.709 (Lei Geral de Prote\u00e7\u00e3o aos Dados Pessoais). <\/p>\r\n<p>Em at\u00e9 15 dias ser\u00e1 disponibilizada uma resposta a sua solicita\u00e7\u00e3o atrav\u00e9s de seu endere\u00e7o de e-mail.<\/p><\/div><\/div><div id=\"wpforms-159130-field_0-container\" class=\"wpforms-field wpforms-field-name\" data-field-id=\"0\"><fieldset><legend class=\"wpforms-field-label\">Nome completo <span class=\"wpforms-required-label\" aria-hidden=\"true\">*<\/span><\/legend><div class=\"wpforms-field-row wpforms-field-medium\"><div class=\"wpforms-field-row-block wpforms-first wpforms-one-half\"><input type=\"text\" id=\"wpforms-159130-field_0\" class=\"wpforms-field-name-first wpforms-field-required\" name=\"wpforms[fields][0][first]\" aria-errormessage=\"wpforms-159130-field_0-error\" required><label for=\"wpforms-159130-field_0\" class=\"wpforms-field-sublabel after\">Nome<\/label><\/div><div class=\"wpforms-field-row-block wpforms-one-half\"><input type=\"text\" id=\"wpforms-159130-field_0-last\" class=\"wpforms-field-name-last wpforms-field-required\" name=\"wpforms[fields][0][last]\" aria-errormessage=\"wpforms-159130-field_0-last-error\" required><label for=\"wpforms-159130-field_0-last\" class=\"wpforms-field-sublabel after\">Sobrenome<\/label><\/div><\/div><\/fieldset><\/div><div id=\"wpforms-159130-field_3-container\" class=\"wpforms-field wpforms-field-text\" data-field-id=\"3\"><label class=\"wpforms-field-label\" for=\"wpforms-159130-field_3\">CPF <span class=\"wpforms-required-label\" aria-hidden=\"true\">*<\/span><\/label><input type=\"text\" id=\"wpforms-159130-field_3\" class=\"wpforms-field-medium wpforms-field-required wpforms-masked-input\" data-rule-inputmask-incomplete=\"1\" data-inputmask-mask=\"999 999 999 99\" name=\"wpforms[fields][3]\" aria-errormessage=\"wpforms-159130-field_3-error\" required><\/div><div id=\"wpforms-159130-field_4-container\" class=\"wpforms-field wpforms-field-radio wpforms-conditional-trigger\" data-field-id=\"4\"><fieldset><legend class=\"wpforms-field-label\">Sou um(a)<\/legend><ul id=\"wpforms-159130-field_4\"><li class=\"choice-1 depth-1\"><input type=\"radio\" id=\"wpforms-159130-field_4_1\" name=\"wpforms[fields][4]\" value=\"Colaborador(a)\" aria-errormessage=\"wpforms-159130-field_4_1-error\"  ><label class=\"wpforms-field-label-inline\" for=\"wpforms-159130-field_4_1\">Colaborador(a)<\/label><\/li><li class=\"choice-2 depth-1\"><input type=\"radio\" id=\"wpforms-159130-field_4_2\" name=\"wpforms[fields][4]\" value=\"Candidato emprego(a)\" aria-errormessage=\"wpforms-159130-field_4_2-error\"  ><label class=\"wpforms-field-label-inline\" for=\"wpforms-159130-field_4_2\">Candidato emprego(a)<\/label><\/li><li class=\"choice-3 depth-1\"><input type=\"radio\" id=\"wpforms-159130-field_4_3\" name=\"wpforms[fields][4]\" value=\"Fornecedor(a)\" aria-errormessage=\"wpforms-159130-field_4_3-error\"  ><label class=\"wpforms-field-label-inline\" for=\"wpforms-159130-field_4_3\">Fornecedor(a)<\/label><\/li><li class=\"choice-4 depth-1\"><input type=\"radio\" id=\"wpforms-159130-field_4_4\" name=\"wpforms[fields][4]\" value=\"Outros\" aria-errormessage=\"wpforms-159130-field_4_4-error\"  ><label class=\"wpforms-field-label-inline\" for=\"wpforms-159130-field_4_4\">Outros<\/label><\/li><\/ul><\/fieldset><\/div><div id=\"wpforms-159130-field_5-container\" class=\"wpforms-field wpforms-field-text wpforms-conditional-field wpforms-conditional-show\" data-field-id=\"5\" style=\"display:none;\"><label class=\"wpforms-field-label\" for=\"wpforms-159130-field_5\">Outros (descrever) <span class=\"wpforms-required-label\" aria-hidden=\"true\">*<\/span><\/label><input type=\"text\" id=\"wpforms-159130-field_5\" class=\"wpforms-field-medium wpforms-field-required\" name=\"wpforms[fields][5]\" aria-errormessage=\"wpforms-159130-field_5-error\" required><\/div><div id=\"wpforms-159130-field_7-container\" class=\"wpforms-field wpforms-field-checkbox\" data-field-id=\"7\"><fieldset><legend class=\"wpforms-field-label\">Selecione o(s) tipo(s) de solicita\u00e7\u00f5es <span class=\"wpforms-required-label\" aria-hidden=\"true\">*<\/span><\/legend><ul id=\"wpforms-159130-field_7\" class=\"wpforms-field-required\"><li class=\"choice-1 depth-1\"><input type=\"checkbox\" id=\"wpforms-159130-field_7_1\" name=\"wpforms[fields][7][]\" value=\"Acesso a dados\" aria-errormessage=\"wpforms-159130-field_7_1-error\" required ><label class=\"wpforms-field-label-inline\" for=\"wpforms-159130-field_7_1\">Acesso a dados<\/label><\/li><li class=\"choice-2 depth-1\"><input type=\"checkbox\" id=\"wpforms-159130-field_7_2\" name=\"wpforms[fields][7][]\" value=\"Elimina\u00e7\u00e3o de dados\" aria-errormessage=\"wpforms-159130-field_7_2-error\" required ><label class=\"wpforms-field-label-inline\" for=\"wpforms-159130-field_7_2\">Elimina\u00e7\u00e3o de dados<\/label><\/li><li class=\"choice-3 depth-1\"><input type=\"checkbox\" id=\"wpforms-159130-field_7_3\" name=\"wpforms[fields][7][]\" value=\"Portabilidade dados\" aria-errormessage=\"wpforms-159130-field_7_3-error\" required ><label class=\"wpforms-field-label-inline\" for=\"wpforms-159130-field_7_3\">Portabilidade dados<\/label><\/li><li class=\"choice-4 depth-1\"><input type=\"checkbox\" id=\"wpforms-159130-field_7_4\" name=\"wpforms[fields][7][]\" value=\"Corre\u00e7\u00e3o\/atualiza\u00e7\u00e3o de dados\" aria-errormessage=\"wpforms-159130-field_7_4-error\" required ><label class=\"wpforms-field-label-inline\" for=\"wpforms-159130-field_7_4\">Corre\u00e7\u00e3o\/atualiza\u00e7\u00e3o de dados<\/label><\/li><li class=\"choice-5 depth-1\"><input type=\"checkbox\" id=\"wpforms-159130-field_7_5\" name=\"wpforms[fields][7][]\" value=\"Revoga\u00e7\u00e3o de consentimento\" aria-errormessage=\"wpforms-159130-field_7_5-error\" required ><label class=\"wpforms-field-label-inline\" for=\"wpforms-159130-field_7_5\">Revoga\u00e7\u00e3o de consentimento<\/label><\/li><li class=\"choice-6 depth-1\"><input type=\"checkbox\" id=\"wpforms-159130-field_7_6\" name=\"wpforms[fields][7][]\" value=\"Revis\u00e3o de decis\u00f5es automatizadas\" aria-errormessage=\"wpforms-159130-field_7_6-error\" required ><label class=\"wpforms-field-label-inline\" for=\"wpforms-159130-field_7_6\">Revis\u00e3o de decis\u00f5es automatizadas<\/label><\/li><li class=\"choice-7 depth-1\"><input type=\"checkbox\" id=\"wpforms-159130-field_7_7\" name=\"wpforms[fields][7][]\" value=\"Oposi\u00e7\u00e3o a tratamento de dados\" aria-errormessage=\"wpforms-159130-field_7_7-error\" required ><label class=\"wpforms-field-label-inline\" for=\"wpforms-159130-field_7_7\">Oposi\u00e7\u00e3o a tratamento de dados<\/label><\/li><li class=\"choice-8 depth-1\"><input type=\"checkbox\" id=\"wpforms-159130-field_7_8\" name=\"wpforms[fields][7][]\" value=\"Outros (SAC)\" aria-errormessage=\"wpforms-159130-field_7_8-error\" required ><label class=\"wpforms-field-label-inline\" for=\"wpforms-159130-field_7_8\">Outros (SAC)<\/label><\/li><\/ul><\/fieldset><\/div><div id=\"wpforms-159130-field_1-container\" class=\"wpforms-field wpforms-field-email\" data-field-id=\"1\"><label class=\"wpforms-field-label\" for=\"wpforms-159130-field_1\">E-mail <span class=\"wpforms-required-label\" aria-hidden=\"true\">*<\/span><\/label><input type=\"email\" id=\"wpforms-159130-field_1\" class=\"wpforms-field-medium wpforms-field-required\" name=\"wpforms[fields][1]\" spellcheck=\"false\" aria-errormessage=\"wpforms-159130-field_1-error\" required><\/div><div id=\"wpforms-159130-field_10-container\" class=\"wpforms-field wpforms-field-text\" data-field-id=\"10\"><label class=\"wpforms-field-label\" for=\"wpforms-159130-field_10\">Telefone <span class=\"wpforms-required-label\" aria-hidden=\"true\">*<\/span><\/label><input type=\"text\" id=\"wpforms-159130-field_10\" class=\"wpforms-field-medium wpforms-field-required wpforms-masked-input\" data-rule-inputmask-incomplete=\"1\" data-inputmask-mask=\"(99) 99999999[9]\" name=\"wpforms[fields][10]\" aria-errormessage=\"wpforms-159130-field_10-error\" required><\/div><div id=\"wpforms-159130-field_2-container\" class=\"wpforms-field wpforms-field-textarea\" data-field-id=\"2\"><label class=\"wpforms-field-label\" for=\"wpforms-159130-field_2\">Detalhes da solicita\u00e7\u00e3o <span class=\"wpforms-required-label\" aria-hidden=\"true\">*<\/span><\/label><textarea id=\"wpforms-159130-field_2\" class=\"wpforms-field-medium wpforms-field-required\" name=\"wpforms[fields][2]\" aria-errormessage=\"wpforms-159130-field_2-error\" required><\/textarea><\/div><div id=\"wpforms-159130-field_8-container\" class=\"wpforms-field wpforms-field-file-upload\" data-field-id=\"8\"><label class=\"wpforms-field-label\" for=\"wpforms-159130-field_8\">Evid\u00eancias<\/label><div\n\t\tclass=\"wpforms-uploader \"\n\t\tdata-field-id=\"8\"\n\t\tdata-form-id=\"159130\"\n\t\tdata-input-name=\"wpforms_159130_8\"\n\t\tdata-extensions=\"jpg,jpeg,jpe,gif,png,bmp,tiff,tif,webp,avif,ico,heic,heif,heics,heifs,asf,asx,wmv,wmx,wm,avi,divx,mov,qt,mpeg,mpg,mpe,mp4,m4v,ogv,webm,mkv,3gp,3gpp,3g2,3gp2,txt,asc,c,cc,h,srt,csv,tsv,ics,rtx,css,vtt,mp3,m4a,m4b,aac,ra,ram,wav,x-wav,ogg,oga,flac,mid,midi,wma,wax,mka,rtf,pdf,class,tar,zip,gz,gzip,rar,7z,psd,xcf,doc,pot,pps,ppt,wri,xla,xls,xlt,xlw,mpp,docx,docm,dotx,dotm,xlsx,xlsm,xlsb,xltx,xltm,xlam,pptx,pptm,ppsx,ppsm,potx,potm,ppam,sldx,sldm,onetoc,onetoc2,onepkg,oxps,xps,odt,odp,ods,odg,odc,odb,odf,wp,wpd,key,numbers,pages,amkx,amk,ttf,otf,eot,woff,woff2,svg,redux\"\n\t\tdata-max-size=\"5242880\"\n\t\tdata-max-file-number=\"5\"\n\t\tdata-post-max-size=\"104857600\"\n\t\tdata-max-parallel-uploads=\"4\"\n\t\tdata-parallel-uploads=\"true\"\n\t\tdata-file-chunk-size=\"2097152\">\n\t<div class=\"dz-message\">\n\t\t<svg  viewBox=\"0 0 640 640\" focusable=\"false\" data-icon=\"inbox\" width=\"50px\" height=\"50px\" fill=\"currentColor\" aria-hidden=\"true\">\n\t\t\t<path d=\"M352 173.3L352 384C352 401.7 337.7 416 320 416C302.3 416 288 401.7 288 384L288 173.3L246.6 214.7C234.1 227.2 213.8 227.2 201.3 214.7C188.8 202.2 188.8 181.9 201.3 169.4L297.3 73.4C309.8 60.9 330.1 60.9 342.6 73.4L438.6 169.4C451.1 181.9 451.1 202.2 438.6 214.7C426.1 227.2 405.8 227.2 393.3 214.7L352 173.3zM320 464C364.2 464 400 428.2 400 384L480 384C515.3 384 544 412.7 544 448L544 480C544 515.3 515.3 544 480 544L160 544C124.7 544 96 515.3 96 480L96 448C96 412.7 124.7 384 160 384L240 384C240 428.2 275.8 464 320 464zM464 488C477.3 488 488 477.3 488 464C488 450.7 477.3 440 464 440C450.7 440 440 450.7 440 464C440 477.3 450.7 488 464 488z\"\/>\n\t\t<\/svg>\n\n\t\t<span class=\"modern-title\">\n\t\t\t\t\t\t\tDrag &amp; Drop Files, \t\t\t\t<span>Choose Files to Upload<\/span>\n\t\t\t\t\t<\/span>\n\n\t\t\t\t\t<span class=\"modern-hint\">Voc\u00ea pode enviar at\u00e9 5 arquivos.<\/span>\n\t\t\t<\/div>\n<\/div>\n\n<input\n\t\ttype=\"text\"\n\t\tautocomplete=\"off\"\n\t\treadonly\n\t\tclass=\"dropzone-input\"\n\t\tstyle=\"position:absolute!important;clip:rect(0,0,0,0)!important;height:1px!important;width:1px!important;border:0!important;overflow:hidden!important;padding:0!important;margin:0!important;\"\n\t\tid=\"wpforms-159130-field_8\"\n\t\tname=\"wpforms_159130_8\" \t\tvalue=\"\">\n<\/div><\/div><!-- .wpforms-field-container --><div class=\"wpforms-recaptcha-container wpforms-is-turnstile\" ><div class=\"cf-turnstile\" data-sitekey=\"0x4AAAAAABvLOTCWaUb-Bbxn\" data-action=\"FormID-159130\"><\/div><input type=\"text\" name=\"g-recaptcha-hidden\" class=\"wpforms-recaptcha-hidden\" style=\"position:absolute!important;clip:rect(0,0,0,0)!important;height:1px!important;width:1px!important;border:0!important;overflow:hidden!important;padding:0!important;margin:0!important;\" data-rule-turnstile=\"1\"><\/div><div class=\"wpforms-submit-container\" ><input type=\"hidden\" name=\"wpforms[id]\" value=\"159130\"><input type=\"hidden\" name=\"page_title\" value=\"\"><input type=\"hidden\" name=\"page_url\" value=\"https:\/\/audaces.com\/pt-br\/wp-json\/wp\/v2\/pages\/159161\"><input type=\"hidden\" name=\"url_referer\" value=\"\"><button type=\"submit\" name=\"wpforms[submit]\" id=\"wpforms-submit-159130\" class=\"wpforms-submit\" data-alt-text=\"Enviando\u2026\" data-submit-text=\"Enviar\" aria-live=\"assertive\" value=\"wpforms-submit\">Enviar<\/button><img decoding=\"async\" src=\"https:\/\/audaces.com\/wp-content\/plugins\/wpforms\/assets\/images\/submit-spin.svg\" class=\"wpforms-submit-spinner\" style=\"display: none;\" width=\"26\" height=\"26\" alt=\"Carregando\"><\/div><\/form><\/div>  <!-- .wpforms-container --><\/div>\n\t\t\t\t\t\t<\/div>\n\t\t\t\t<\/div>\n\t\t\t\t\t<\/div>\n\t\t<\/div>\n\t\t\t\t\t<\/div>\n\t\t<\/section>\n\t\t\t\t<\/div>\n\t\t","protected":false},"excerpt":{"rendered":"<p>Formul\u00e1rio de solicita\u00e7\u00e3o aos meus dados pessoais<\/p>\n","protected":false},"author":2,"featured_media":0,"parent":100764,"menu_order":0,"comment_status":"closed","ping_status":"closed","template":"elementor_header_footer","meta":{"footnotes":""},"produto":[],"class_list":["post-159161","page","type-page","status-publish","hentry"],"yoast_head":"<!-- This site is optimized with the Yoast SEO Premium plugin v27.4 (Yoast SEO v27.5) - https:\/\/yoast.com\/product\/yoast-seo-premium-wordpress\/ -->\n<title>Solicita\u00e7\u00e3o aos meus dados pessoais - Audaces<\/title>\n<meta name=\"description\" content=\"Solicita\u00e7\u00e3o aos meus dados pessoais - Audaces\" \/>\n<meta name=\"robots\" content=\"index, follow, max-snippet:-1, max-image-preview:large, max-video-preview:-1\" \/>\n<link rel=\"canonical\" href=\"https:\/\/audaces.com\/pt-br\/politica-privacidade\/solicitacao\" \/>\n<meta property=\"og:locale\" content=\"pt_BR\" \/>\n<meta property=\"og:type\" content=\"article\" \/>\n<meta property=\"og:title\" content=\"Solicita\u00e7\u00e3o aos meus dados pessoais - Audaces\" \/>\n<meta property=\"og:description\" content=\"Solicita\u00e7\u00e3o aos meus dados pessoais - Audaces\" \/>\n<meta property=\"og:url\" content=\"https:\/\/audaces.com\/pt-br\/politica-privacidade\/solicitacao\" \/>\n<meta property=\"og:site_name\" content=\"Audaces\" \/>\n<meta property=\"article:publisher\" content=\"https:\/\/www.facebook.com\/audaces.pt\" \/>\n<meta property=\"article:modified_time\" content=\"2024-05-14T16:46:14+00:00\" \/>\n<meta name=\"twitter:card\" content=\"summary_large_image\" \/>\n<meta name=\"twitter:label1\" content=\"Est. tempo de leitura\" \/>\n\t<meta name=\"twitter:data1\" content=\"1 minuto\" \/>\n<script type=\"application\/ld+json\" class=\"yoast-schema-graph\">{\"@context\":\"https:\\\/\\\/schema.org\",\"@graph\":[{\"@type\":\"WebPage\",\"@id\":\"https:\\\/\\\/audaces.com\\\/pt-br\\\/politica-privacidade\\\/solicitacao\",\"url\":\"https:\\\/\\\/audaces.com\\\/pt-br\\\/politica-privacidade\\\/solicitacao\",\"name\":\"Solicita\u00e7\u00e3o aos meus dados pessoais - Audaces\",\"isPartOf\":{\"@id\":\"https:\\\/\\\/audaces.com\\\/pt-br\\\/#website\"},\"datePublished\":\"2024-01-10T20:09:29+00:00\",\"dateModified\":\"2024-05-14T16:46:14+00:00\",\"description\":\"Solicita\u00e7\u00e3o aos meus dados pessoais - Audaces\",\"breadcrumb\":{\"@id\":\"https:\\\/\\\/audaces.com\\\/pt-br\\\/politica-privacidade\\\/solicitacao#breadcrumb\"},\"inLanguage\":\"pt-BR\",\"potentialAction\":[{\"@type\":\"ReadAction\",\"target\":[\"https:\\\/\\\/audaces.com\\\/pt-br\\\/politica-privacidade\\\/solicitacao\"]}]},{\"@type\":\"BreadcrumbList\",\"@id\":\"https:\\\/\\\/audaces.com\\\/pt-br\\\/politica-privacidade\\\/solicitacao#breadcrumb\",\"itemListElement\":[{\"@type\":\"ListItem\",\"position\":1,\"name\":\"INIZIO\",\"item\":\"https:\\\/\\\/audaces.com\\\/pt-br\"},{\"@type\":\"ListItem\",\"position\":2,\"name\":\"Pol\u00edtica de Privacidade\",\"item\":\"https:\\\/\\\/audaces.com\\\/pt-br\\\/politica-privacidad\"},{\"@type\":\"ListItem\",\"position\":3,\"name\":\"Solicita\u00e7\u00e3o aos meus dados pessoais\"}]},{\"@type\":\"WebSite\",\"@id\":\"https:\\\/\\\/audaces.com\\\/pt-br\\\/#website\",\"url\":\"https:\\\/\\\/audaces.com\\\/pt-br\\\/\",\"name\":\"Audaces\",\"description\":\"We are the Industry 4.0\",\"publisher\":{\"@id\":\"https:\\\/\\\/audaces.com\\\/pt-br\\\/#organization\"},\"potentialAction\":[{\"@type\":\"SearchAction\",\"target\":{\"@type\":\"EntryPoint\",\"urlTemplate\":\"https:\\\/\\\/audaces.com\\\/pt-br\\\/?s={search_term_string}\"},\"query-input\":{\"@type\":\"PropertyValueSpecification\",\"valueRequired\":true,\"valueName\":\"search_term_string\"}}],\"inLanguage\":\"pt-BR\"},{\"@type\":\"Organization\",\"@id\":\"https:\\\/\\\/audaces.com\\\/pt-br\\\/#organization\",\"name\":\"Audaces\",\"url\":\"https:\\\/\\\/audaces.com\\\/pt-br\\\/\",\"logo\":{\"@type\":\"ImageObject\",\"inLanguage\":\"pt-BR\",\"@id\":\"https:\\\/\\\/audaces.com\\\/pt-br\\\/#\\\/schema\\\/logo\\\/image\\\/\",\"url\":\"https:\\\/\\\/audaces.com\\\/wp-content\\\/uploads\\\/2022\\\/01\\\/cropped-cropped-logo-audace.png\",\"contentUrl\":\"https:\\\/\\\/audaces.com\\\/wp-content\\\/uploads\\\/2022\\\/01\\\/cropped-cropped-logo-audace.png\",\"width\":512,\"height\":512,\"caption\":\"Audaces\"},\"image\":{\"@id\":\"https:\\\/\\\/audaces.com\\\/pt-br\\\/#\\\/schema\\\/logo\\\/image\\\/\"},\"sameAs\":[\"https:\\\/\\\/www.facebook.com\\\/audaces.pt\"]}]}<\/script>\n<!-- \/ Yoast SEO Premium plugin. -->","yoast_head_json":{"title":"Solicita\u00e7\u00e3o aos meus dados pessoais - Audaces","description":"Solicita\u00e7\u00e3o aos meus dados pessoais - Audaces","robots":{"index":"index","follow":"follow","max-snippet":"max-snippet:-1","max-image-preview":"max-image-preview:large","max-video-preview":"max-video-preview:-1"},"canonical":"https:\/\/audaces.com\/pt-br\/politica-privacidade\/solicitacao","og_locale":"pt_BR","og_type":"article","og_title":"Solicita\u00e7\u00e3o aos meus dados pessoais - Audaces","og_description":"Solicita\u00e7\u00e3o aos meus dados pessoais - Audaces","og_url":"https:\/\/audaces.com\/pt-br\/politica-privacidade\/solicitacao","og_site_name":"Audaces","article_publisher":"https:\/\/www.facebook.com\/audaces.pt","article_modified_time":"2024-05-14T16:46:14+00:00","twitter_card":"summary_large_image","twitter_misc":{"Est. tempo de leitura":"1 minuto"},"schema":{"@context":"https:\/\/schema.org","@graph":[{"@type":"WebPage","@id":"https:\/\/audaces.com\/pt-br\/politica-privacidade\/solicitacao","url":"https:\/\/audaces.com\/pt-br\/politica-privacidade\/solicitacao","name":"Solicita\u00e7\u00e3o aos meus dados pessoais - Audaces","isPartOf":{"@id":"https:\/\/audaces.com\/pt-br\/#website"},"datePublished":"2024-01-10T20:09:29+00:00","dateModified":"2024-05-14T16:46:14+00:00","description":"Solicita\u00e7\u00e3o aos meus dados pessoais - Audaces","breadcrumb":{"@id":"https:\/\/audaces.com\/pt-br\/politica-privacidade\/solicitacao#breadcrumb"},"inLanguage":"pt-BR","potentialAction":[{"@type":"ReadAction","target":["https:\/\/audaces.com\/pt-br\/politica-privacidade\/solicitacao"]}]},{"@type":"BreadcrumbList","@id":"https:\/\/audaces.com\/pt-br\/politica-privacidade\/solicitacao#breadcrumb","itemListElement":[{"@type":"ListItem","position":1,"name":"INIZIO","item":"https:\/\/audaces.com\/pt-br"},{"@type":"ListItem","position":2,"name":"Pol\u00edtica de Privacidade","item":"https:\/\/audaces.com\/pt-br\/politica-privacidad"},{"@type":"ListItem","position":3,"name":"Solicita\u00e7\u00e3o aos meus dados pessoais"}]},{"@type":"WebSite","@id":"https:\/\/audaces.com\/pt-br\/#website","url":"https:\/\/audaces.com\/pt-br\/","name":"Audaces","description":"We are the Industry 4.0","publisher":{"@id":"https:\/\/audaces.com\/pt-br\/#organization"},"potentialAction":[{"@type":"SearchAction","target":{"@type":"EntryPoint","urlTemplate":"https:\/\/audaces.com\/pt-br\/?s={search_term_string}"},"query-input":{"@type":"PropertyValueSpecification","valueRequired":true,"valueName":"search_term_string"}}],"inLanguage":"pt-BR"},{"@type":"Organization","@id":"https:\/\/audaces.com\/pt-br\/#organization","name":"Audaces","url":"https:\/\/audaces.com\/pt-br\/","logo":{"@type":"ImageObject","inLanguage":"pt-BR","@id":"https:\/\/audaces.com\/pt-br\/#\/schema\/logo\/image\/","url":"https:\/\/audaces.com\/wp-content\/uploads\/2022\/01\/cropped-cropped-logo-audace.png","contentUrl":"https:\/\/audaces.com\/wp-content\/uploads\/2022\/01\/cropped-cropped-logo-audace.png","width":512,"height":512,"caption":"Audaces"},"image":{"@id":"https:\/\/audaces.com\/pt-br\/#\/schema\/logo\/image\/"},"sameAs":["https:\/\/www.facebook.com\/audaces.pt"]}]}},"_links":{"self":[{"href":"https:\/\/audaces.com\/pt-br\/wp-json\/wp\/v2\/pages\/159161","targetHints":{"allow":["GET"]}}],"collection":[{"href":"https:\/\/audaces.com\/pt-br\/wp-json\/wp\/v2\/pages"}],"about":[{"href":"https:\/\/audaces.com\/pt-br\/wp-json\/wp\/v2\/types\/page"}],"author":[{"embeddable":true,"href":"https:\/\/audaces.com\/pt-br\/wp-json\/wp\/v2\/users\/2"}],"replies":[{"embeddable":true,"href":"https:\/\/audaces.com\/pt-br\/wp-json\/wp\/v2\/comments?post=159161"}],"version-history":[{"count":10,"href":"https:\/\/audaces.com\/pt-br\/wp-json\/wp\/v2\/pages\/159161\/revisions"}],"predecessor-version":[{"id":170008,"href":"https:\/\/audaces.com\/pt-br\/wp-json\/wp\/v2\/pages\/159161\/revisions\/170008"}],"up":[{"embeddable":true,"href":"https:\/\/audaces.com\/pt-br\/wp-json\/wp\/v2\/pages\/100764"}],"wp:attachment":[{"href":"https:\/\/audaces.com\/pt-br\/wp-json\/wp\/v2\/media?parent=159161"}],"wp:term":[{"taxonomy":"produto","embeddable":true,"href":"https:\/\/audaces.com\/pt-br\/wp-json\/wp\/v2\/produto?post=159161"}],"curies":[{"name":"wp","href":"https:\/\/api.w.org\/{rel}","templated":true}]}}