{"id":59725,"date":"2022-05-27T13:30:58","date_gmt":"2022-05-27T13:30:58","guid":{"rendered":"https:\/\/nayfer3.dream.press\/newsletter-2\/"},"modified":"2024-03-28T10:26:26","modified_gmt":"2024-03-28T13:26:26","slug":"newsletter","status":"publish","type":"page","link":"https:\/\/audaces.com\/it\/newsletter","title":{"rendered":"Newsletter | Rimani sempre al passo con le novit\u00e0 Audaces"},"content":{"rendered":"\t\t<div data-elementor-type=\"wp-page\" data-elementor-id=\"59725\" class=\"elementor elementor-59725 elementor-59720\" data-elementor-post-type=\"page\">\n\t\t\t\t\t\t<section class=\"elementor-section elementor-top-section elementor-element elementor-element-a0b122a elementor-section-full_width elementor-section-height-min-height elementor-section-height-default elementor-section-items-middle\" data-id=\"a0b122a\" data-element_type=\"section\" data-settings=\"{&quot;background_background&quot;:&quot;classic&quot;}\">\n\t\t\t\t\t\t<div class=\"elementor-container elementor-column-gap-no\">\n\t\t\t\t\t<div class=\"elementor-column elementor-col-100 elementor-top-column elementor-element elementor-element-7228e6b\" data-id=\"7228e6b\" data-element_type=\"column\">\n\t\t\t<div class=\"elementor-widget-wrap\">\n\t\t\t\t\t\t\t<\/div>\n\t\t<\/div>\n\t\t\t\t\t<\/div>\n\t\t<\/section>\n\t\t\t\t<section class=\"elementor-section elementor-top-section elementor-element elementor-element-1858d3af elementor-section-full_width elementor-section-height-default elementor-section-height-default\" data-id=\"1858d3af\" data-element_type=\"section\" data-settings=\"{&quot;background_background&quot;:&quot;gradient&quot;}\">\n\t\t\t\t\t\t<div class=\"elementor-container elementor-column-gap-default\">\n\t\t\t\t\t<div class=\"elementor-column elementor-col-100 elementor-top-column elementor-element elementor-element-4b0db30b\" data-id=\"4b0db30b\" data-element_type=\"column\">\n\t\t\t<div class=\"elementor-widget-wrap elementor-element-populated\">\n\t\t\t\t\t\t<div class=\"elementor-element elementor-element-6fc62036 elementor-widget elementor-widget-heading\" data-id=\"6fc62036\" data-element_type=\"widget\" data-widget_type=\"heading.default\">\n\t\t\t\t<div class=\"elementor-widget-container\">\n\t\t\t\t\t<h1 class=\"elementor-heading-title elementor-size-default\">Newsletter<\/h1>\t\t\t\t<\/div>\n\t\t\t\t<\/div>\n\t\t\t\t\t<\/div>\n\t\t<\/div>\n\t\t\t\t\t<\/div>\n\t\t<\/section>\n\t\t\t\t<section class=\"elementor-section elementor-top-section elementor-element elementor-element-8f8163c elementor-section-boxed elementor-section-height-default elementor-section-height-default\" data-id=\"8f8163c\" data-element_type=\"section\">\n\t\t\t\t\t\t<div class=\"elementor-container elementor-column-gap-default\">\n\t\t\t\t\t<div class=\"elementor-column elementor-col-100 elementor-top-column elementor-element elementor-element-df76409\" data-id=\"df76409\" data-element_type=\"column\">\n\t\t\t<div class=\"elementor-widget-wrap elementor-element-populated\">\n\t\t\t\t\t\t<div class=\"elementor-element elementor-element-3b16b6d elementor-icon-list--layout-inline elementor-list-item-link-full_width elementor-widget elementor-widget-icon-list\" data-id=\"3b16b6d\" data-element_type=\"widget\" data-widget_type=\"icon-list.default\">\n\t\t\t\t<div class=\"elementor-widget-container\">\n\t\t\t\t\t\t\t<ul class=\"elementor-icon-list-items elementor-inline-items\">\n\t\t\t\t\t\t\t<li class=\"elementor-icon-list-item elementor-inline-item\">\n\t\t\t\t\t\t\t\t\t\t\t<a href=\"\/it\">\n\n\t\t\t\t\t\t\t\t\t\t\t<span class=\"elementor-icon-list-text\">INIZIO \/<\/span>\n\t\t\t\t\t\t\t\t\t\t\t<\/a>\n\t\t\t\t\t\t\t\t\t<\/li>\n\t\t\t\t\t\t\t\t<li class=\"elementor-icon-list-item elementor-inline-item\">\n\t\t\t\t\t\t\t\t\t\t\t<a href=\"\/it\/newsletter\">\n\n\t\t\t\t\t\t\t\t\t\t\t<span class=\"elementor-icon-list-text\">Newsletter<\/span>\n\t\t\t\t\t\t\t\t\t\t\t<\/a>\n\t\t\t\t\t\t\t\t\t<\/li>\n\t\t\t\t\t\t<\/ul>\n\t\t\t\t\t\t<\/div>\n\t\t\t\t<\/div>\n\t\t\t\t\t<\/div>\n\t\t<\/div>\n\t\t\t\t\t<\/div>\n\t\t<\/section>\n\t\t\t\t<section class=\"elementor-section elementor-top-section elementor-element elementor-element-46a94366 elementor-section-boxed elementor-section-height-default elementor-section-height-default\" data-id=\"46a94366\" data-element_type=\"section\">\n\t\t\t\t\t\t<div class=\"elementor-container elementor-column-gap-default\">\n\t\t\t\t\t<div class=\"elementor-column elementor-col-100 elementor-top-column elementor-element elementor-element-59dd9a56\" data-id=\"59dd9a56\" data-element_type=\"column\">\n\t\t\t<div class=\"elementor-widget-wrap elementor-element-populated\">\n\t\t\t\t\t\t<div class=\"elementor-element elementor-element-dd20e03 elementor-widget elementor-widget-global elementor-global-166833 elementor-widget-html\" data-id=\"dd20e03\" data-element_type=\"widget\" data-widget_type=\"html.default\">\n\t\t\t\t<div class=\"elementor-widget-container\">\n\t\t\t\t\t<div role=\"main\" id=\"2023-newsletter-new-site-15b0165e1bc04cda3a4c\"><\/div>\n<script type=\"text\/javascript\">\nvar script = document.createElement('script');\nscript.src = 'https:\/\/d335luupugsy2.cloudfront.net\/js\/rdstation-forms\/stable\/rdstation-forms.min.js'; \/\/source\nvar callback = function (){\n new RDStationForms('2023-newsletter-new-site-15b0165e1bc04cda3a4c', '').createForm();\n}\nscript.onload = callback;\ndocument.head.appendChild(script);\n<\/script>\t\t\t\t<\/div>\n\t\t\t\t<\/div>\n\t\t\t\t\t<\/div>\n\t\t<\/div>\n\t\t\t\t\t<\/div>\n\t\t<\/section>\n\t\t\t\t<\/div>\n\t\t","protected":false},"excerpt":{"rendered":"<p>Registra la tua e-mail e ricevi tutti i contenuti pi\u00f9 aggiornati lanciati da Audaces. Rimani sempre al passo con le novit\u00e0!<\/p>\n","protected":false},"author":2,"featured_media":0,"parent":0,"menu_order":0,"comment_status":"closed","ping_status":"closed","template":"elementor_header_footer","meta":{"footnotes":""},"produto":[],"class_list":["post-59725","page","type-page","status-publish","hentry"],"yoast_head":"<!-- This site is optimized with the Yoast SEO Premium plugin v21.6 (Yoast SEO v27.3) - https:\/\/yoast.com\/product\/yoast-seo-premium-wordpress\/ -->\n<title>Newsletter | Rimani sempre al passo con le novit\u00e0 Audaces<\/title>\n<meta name=\"description\" content=\"Registra la tua e-mail e ricevi tutti i contenuti pi\u00f9 aggiornati lanciati da Audaces. Rimani sempre al passo con le novit\u00e0!\" \/>\n<meta name=\"robots\" content=\"index, follow, max-snippet:-1, max-image-preview:large, max-video-preview:-1\" \/>\n<link rel=\"canonical\" href=\"https:\/\/audaces.com\/it\/newsletter\" \/>\n<meta property=\"og:locale\" content=\"it_IT\" \/>\n<meta property=\"og:type\" content=\"article\" \/>\n<meta property=\"og:title\" content=\"Newsletter | Rimani sempre al passo con le novit\u00e0 Audaces\" \/>\n<meta property=\"og:description\" content=\"Registra la tua e-mail e ricevi tutti i contenuti pi\u00f9 aggiornati lanciati da Audaces. Rimani sempre al passo con le novit\u00e0!\" \/>\n<meta property=\"og:url\" content=\"https:\/\/audaces.com\/it\/newsletter\" \/>\n<meta property=\"og:site_name\" content=\"Audaces\" \/>\n<meta property=\"article:publisher\" content=\"https:\/\/www.facebook.com\/audaces.pt\" \/>\n<meta property=\"article:modified_time\" content=\"2024-03-28T13:26:26+00:00\" \/>\n<meta name=\"twitter:card\" content=\"summary_large_image\" \/>\n<meta name=\"twitter:label1\" content=\"Tempo di lettura stimato\" \/>\n\t<meta name=\"twitter:data1\" content=\"1 minuto\" \/>\n<script type=\"application\/ld+json\" class=\"yoast-schema-graph\">{\"@context\":\"https:\\\/\\\/schema.org\",\"@graph\":[{\"@type\":\"WebPage\",\"@id\":\"https:\\\/\\\/audaces.com\\\/it\\\/newsletter\",\"url\":\"https:\\\/\\\/audaces.com\\\/it\\\/newsletter\",\"name\":\"Newsletter | Rimani sempre al passo con le novit\u00e0 Audaces\",\"isPartOf\":{\"@id\":\"https:\\\/\\\/audaces.com\\\/it#website\"},\"datePublished\":\"2022-05-27T13:30:58+00:00\",\"dateModified\":\"2024-03-28T13:26:26+00:00\",\"description\":\"Registra la tua e-mail e ricevi tutti i contenuti pi\u00f9 aggiornati lanciati da Audaces. Rimani sempre al passo con le novit\u00e0!\",\"breadcrumb\":{\"@id\":\"https:\\\/\\\/audaces.com\\\/it\\\/newsletter#breadcrumb\"},\"inLanguage\":\"it-IT\",\"potentialAction\":[{\"@type\":\"ReadAction\",\"target\":[\"https:\\\/\\\/audaces.com\\\/it\\\/newsletter\"]}]},{\"@type\":\"BreadcrumbList\",\"@id\":\"https:\\\/\\\/audaces.com\\\/it\\\/newsletter#breadcrumb\",\"itemListElement\":[{\"@type\":\"ListItem\",\"position\":1,\"name\":\"INIZIO\",\"item\":\"https:\\\/\\\/audaces.com\\\/it\"},{\"@type\":\"ListItem\",\"position\":2,\"name\":\"Newsletter | Rimani sempre al passo con le novit\u00e0 Audaces\"}]},{\"@type\":\"WebSite\",\"@id\":\"https:\\\/\\\/audaces.com\\\/it#website\",\"url\":\"https:\\\/\\\/audaces.com\\\/it\",\"name\":\"Audaces\",\"description\":\"We are the Industry 4.0\",\"publisher\":{\"@id\":\"https:\\\/\\\/audaces.com\\\/it#organization\"},\"potentialAction\":[{\"@type\":\"SearchAction\",\"target\":{\"@type\":\"EntryPoint\",\"urlTemplate\":\"https:\\\/\\\/audaces.com\\\/it?s={search_term_string}\"},\"query-input\":{\"@type\":\"PropertyValueSpecification\",\"valueRequired\":true,\"valueName\":\"search_term_string\"}}],\"inLanguage\":\"it-IT\"},{\"@type\":\"Organization\",\"@id\":\"https:\\\/\\\/audaces.com\\\/it#organization\",\"name\":\"Audaces\",\"url\":\"https:\\\/\\\/audaces.com\\\/it\",\"logo\":{\"@type\":\"ImageObject\",\"inLanguage\":\"it-IT\",\"@id\":\"https:\\\/\\\/audaces.com\\\/it#\\\/schema\\\/logo\\\/image\\\/\",\"url\":\"https:\\\/\\\/audaces.com\\\/wp-content\\\/uploads\\\/2022\\\/01\\\/cropped-cropped-logo-audace.png\",\"contentUrl\":\"https:\\\/\\\/audaces.com\\\/wp-content\\\/uploads\\\/2022\\\/01\\\/cropped-cropped-logo-audace.png\",\"width\":512,\"height\":512,\"caption\":\"Audaces\"},\"image\":{\"@id\":\"https:\\\/\\\/audaces.com\\\/it#\\\/schema\\\/logo\\\/image\\\/\"},\"sameAs\":[\"https:\\\/\\\/www.facebook.com\\\/audaces.pt\"]}]}<\/script>\n<!-- \/ Yoast SEO Premium plugin. -->","yoast_head_json":{"title":"Newsletter | Rimani sempre al passo con le novit\u00e0 Audaces","description":"Registra la tua e-mail e ricevi tutti i contenuti pi\u00f9 aggiornati lanciati da Audaces. Rimani sempre al passo con le novit\u00e0!","robots":{"index":"index","follow":"follow","max-snippet":"max-snippet:-1","max-image-preview":"max-image-preview:large","max-video-preview":"max-video-preview:-1"},"canonical":"https:\/\/audaces.com\/it\/newsletter","og_locale":"it_IT","og_type":"article","og_title":"Newsletter | Rimani sempre al passo con le novit\u00e0 Audaces","og_description":"Registra la tua e-mail e ricevi tutti i contenuti pi\u00f9 aggiornati lanciati da Audaces. Rimani sempre al passo con le novit\u00e0!","og_url":"https:\/\/audaces.com\/it\/newsletter","og_site_name":"Audaces","article_publisher":"https:\/\/www.facebook.com\/audaces.pt","article_modified_time":"2024-03-28T13:26:26+00:00","twitter_card":"summary_large_image","twitter_misc":{"Tempo di lettura stimato":"1 minuto"},"schema":{"@context":"https:\/\/schema.org","@graph":[{"@type":"WebPage","@id":"https:\/\/audaces.com\/it\/newsletter","url":"https:\/\/audaces.com\/it\/newsletter","name":"Newsletter | Rimani sempre al passo con le novit\u00e0 Audaces","isPartOf":{"@id":"https:\/\/audaces.com\/it#website"},"datePublished":"2022-05-27T13:30:58+00:00","dateModified":"2024-03-28T13:26:26+00:00","description":"Registra la tua e-mail e ricevi tutti i contenuti pi\u00f9 aggiornati lanciati da Audaces. Rimani sempre al passo con le novit\u00e0!","breadcrumb":{"@id":"https:\/\/audaces.com\/it\/newsletter#breadcrumb"},"inLanguage":"it-IT","potentialAction":[{"@type":"ReadAction","target":["https:\/\/audaces.com\/it\/newsletter"]}]},{"@type":"BreadcrumbList","@id":"https:\/\/audaces.com\/it\/newsletter#breadcrumb","itemListElement":[{"@type":"ListItem","position":1,"name":"INIZIO","item":"https:\/\/audaces.com\/it"},{"@type":"ListItem","position":2,"name":"Newsletter | Rimani sempre al passo con le novit\u00e0 Audaces"}]},{"@type":"WebSite","@id":"https:\/\/audaces.com\/it#website","url":"https:\/\/audaces.com\/it","name":"Audaces","description":"We are the Industry 4.0","publisher":{"@id":"https:\/\/audaces.com\/it#organization"},"potentialAction":[{"@type":"SearchAction","target":{"@type":"EntryPoint","urlTemplate":"https:\/\/audaces.com\/it?s={search_term_string}"},"query-input":{"@type":"PropertyValueSpecification","valueRequired":true,"valueName":"search_term_string"}}],"inLanguage":"it-IT"},{"@type":"Organization","@id":"https:\/\/audaces.com\/it#organization","name":"Audaces","url":"https:\/\/audaces.com\/it","logo":{"@type":"ImageObject","inLanguage":"it-IT","@id":"https:\/\/audaces.com\/it#\/schema\/logo\/image\/","url":"https:\/\/audaces.com\/wp-content\/uploads\/2022\/01\/cropped-cropped-logo-audace.png","contentUrl":"https:\/\/audaces.com\/wp-content\/uploads\/2022\/01\/cropped-cropped-logo-audace.png","width":512,"height":512,"caption":"Audaces"},"image":{"@id":"https:\/\/audaces.com\/it#\/schema\/logo\/image\/"},"sameAs":["https:\/\/www.facebook.com\/audaces.pt"]}]}},"_links":{"self":[{"href":"https:\/\/audaces.com\/it\/wp-json\/wp\/v2\/pages\/59725","targetHints":{"allow":["GET"]}}],"collection":[{"href":"https:\/\/audaces.com\/it\/wp-json\/wp\/v2\/pages"}],"about":[{"href":"https:\/\/audaces.com\/it\/wp-json\/wp\/v2\/types\/page"}],"author":[{"embeddable":true,"href":"https:\/\/audaces.com\/it\/wp-json\/wp\/v2\/users\/2"}],"replies":[{"embeddable":true,"href":"https:\/\/audaces.com\/it\/wp-json\/wp\/v2\/comments?post=59725"}],"version-history":[{"count":6,"href":"https:\/\/audaces.com\/it\/wp-json\/wp\/v2\/pages\/59725\/revisions"}],"predecessor-version":[{"id":166912,"href":"https:\/\/audaces.com\/it\/wp-json\/wp\/v2\/pages\/59725\/revisions\/166912"}],"wp:attachment":[{"href":"https:\/\/audaces.com\/it\/wp-json\/wp\/v2\/media?parent=59725"}],"wp:term":[{"taxonomy":"produto","embeddable":true,"href":"https:\/\/audaces.com\/it\/wp-json\/wp\/v2\/produto?post=59725"}],"curies":[{"name":"wp","href":"https:\/\/api.w.org\/{rel}","templated":true}]}}