{"id":59728,"date":"2022-05-27T13:30:58","date_gmt":"2022-05-27T13:30:58","guid":{"rendered":"https:\/\/nayfer3.dream.press\/newsletter-2\/"},"modified":"2025-05-21T11:20:53","modified_gmt":"2025-05-21T14:20:53","slug":"boletin-informativo","status":"publish","type":"page","link":"https:\/\/audaces.com\/es\/boletin-informativo","title":{"rendered":"Bolet\u00edn Informativo | Mant\u00e9ngase al tanto de las novedades"},"content":{"rendered":"\t\t<div data-elementor-type=\"wp-page\" data-elementor-id=\"59728\" class=\"elementor elementor-59728 elementor-59720\" data-elementor-post-type=\"page\">\n\t\t\t\t\t\t<section class=\"elementor-section elementor-top-section elementor-element elementor-element-b508a5f elementor-section-full_width elementor-section-height-min-height elementor-section-height-default elementor-section-items-middle\" data-id=\"b508a5f\" data-element_type=\"section\" data-settings=\"{&quot;background_background&quot;:&quot;classic&quot;}\">\n\t\t\t\t\t\t<div class=\"elementor-container elementor-column-gap-no\">\n\t\t\t\t\t<div class=\"elementor-column elementor-col-100 elementor-top-column elementor-element elementor-element-87d9744\" data-id=\"87d9744\" data-element_type=\"column\">\n\t\t\t<div class=\"elementor-widget-wrap\">\n\t\t\t\t\t\t\t<\/div>\n\t\t<\/div>\n\t\t\t\t\t<\/div>\n\t\t<\/section>\n\t\t\t\t<section class=\"elementor-section elementor-top-section elementor-element elementor-element-1858d3af elementor-section-full_width elementor-section-height-default elementor-section-height-default\" data-id=\"1858d3af\" data-element_type=\"section\" data-settings=\"{&quot;background_background&quot;:&quot;gradient&quot;}\">\n\t\t\t\t\t\t<div class=\"elementor-container elementor-column-gap-default\">\n\t\t\t\t\t<div class=\"elementor-column elementor-col-100 elementor-top-column elementor-element elementor-element-4b0db30b\" data-id=\"4b0db30b\" data-element_type=\"column\">\n\t\t\t<div class=\"elementor-widget-wrap elementor-element-populated\">\n\t\t\t\t\t\t<div class=\"elementor-element elementor-element-6fc62036 elementor-widget elementor-widget-heading\" data-id=\"6fc62036\" data-element_type=\"widget\" data-widget_type=\"heading.default\">\n\t\t\t\t<div class=\"elementor-widget-container\">\n\t\t\t\t\t<h1 class=\"elementor-heading-title elementor-size-default\">Bolet\u00edn Informativo<\/h1>\t\t\t\t<\/div>\n\t\t\t\t<\/div>\n\t\t\t\t\t<\/div>\n\t\t<\/div>\n\t\t\t\t\t<\/div>\n\t\t<\/section>\n\t\t\t\t<section class=\"elementor-section elementor-top-section elementor-element elementor-element-6f5ede1a elementor-section-boxed elementor-section-height-default elementor-section-height-default\" data-id=\"6f5ede1a\" data-element_type=\"section\">\n\t\t\t\t\t\t<div class=\"elementor-container elementor-column-gap-default\">\n\t\t\t\t\t<div class=\"elementor-column elementor-col-100 elementor-top-column elementor-element elementor-element-196aaec6\" data-id=\"196aaec6\" data-element_type=\"column\">\n\t\t\t<div class=\"elementor-widget-wrap elementor-element-populated\">\n\t\t\t\t\t\t<div class=\"elementor-element elementor-element-690ccbfc elementor-icon-list--layout-inline elementor-list-item-link-full_width elementor-widget elementor-widget-icon-list\" data-id=\"690ccbfc\" data-element_type=\"widget\" data-widget_type=\"icon-list.default\">\n\t\t\t\t<div class=\"elementor-widget-container\">\n\t\t\t\t\t\t\t<ul class=\"elementor-icon-list-items elementor-inline-items\">\n\t\t\t\t\t\t\t<li class=\"elementor-icon-list-item elementor-inline-item\">\n\t\t\t\t\t\t\t\t\t\t\t<a href=\"https:\/\/audaces.com\/es\">\n\n\t\t\t\t\t\t\t\t\t\t\t<span class=\"elementor-icon-list-text\">INICIO \/<\/span>\n\t\t\t\t\t\t\t\t\t\t\t<\/a>\n\t\t\t\t\t\t\t\t\t<\/li>\n\t\t\t\t\t\t\t\t<li class=\"elementor-icon-list-item elementor-inline-item\">\n\t\t\t\t\t\t\t\t\t\t\t<a href=\"https:\/\/audaces.com\/es\/boletin-informativo\">\n\n\t\t\t\t\t\t\t\t\t\t\t<span class=\"elementor-icon-list-text\">Bolet\u00edn Informativo<\/span>\n\t\t\t\t\t\t\t\t\t\t\t<\/a>\n\t\t\t\t\t\t\t\t\t<\/li>\n\t\t\t\t\t\t<\/ul>\n\t\t\t\t\t\t<\/div>\n\t\t\t\t<\/div>\n\t\t\t\t\t<\/div>\n\t\t<\/div>\n\t\t\t\t\t<\/div>\n\t\t<\/section>\n\t\t\t\t<section class=\"elementor-section elementor-top-section elementor-element elementor-element-46a94366 elementor-section-boxed elementor-section-height-default elementor-section-height-default\" data-id=\"46a94366\" data-element_type=\"section\">\n\t\t\t\t\t\t<div class=\"elementor-container elementor-column-gap-default\">\n\t\t\t\t\t<div class=\"elementor-column elementor-col-100 elementor-top-column elementor-element elementor-element-59dd9a56\" data-id=\"59dd9a56\" data-element_type=\"column\">\n\t\t\t<div class=\"elementor-widget-wrap elementor-element-populated\">\n\t\t\t\t\t\t<div class=\"elementor-element elementor-element-f8c56d3 elementor-widget elementor-widget-global elementor-global-166808 elementor-widget-html\" data-id=\"f8c56d3\" data-element_type=\"widget\" data-widget_type=\"html.default\">\n\t\t\t\t<div class=\"elementor-widget-container\">\n\t\t\t\t\t<div role=\"main\" id=\"2023-newsleter-site-cfedf002ec61b3604305\"><\/div>\n<script type=\"text\/javascript\">\nvar script = document.createElement('script');\nscript.src = 'https:\/\/d335luupugsy2.cloudfront.net\/js\/rdstation-forms\/stable\/rdstation-forms.min.js'; \/\/source\nvar callback = function (){\n new RDStationForms('2023-newsleter-site-cfedf002ec61b3604305', 'UA-78634938-2').createForm();\n}\nscript.onload = callback;\ndocument.head.appendChild(script);\n<\/script>\t\t\t\t<\/div>\n\t\t\t\t<\/div>\n\t\t\t\t\t<\/div>\n\t\t<\/div>\n\t\t\t\t\t<\/div>\n\t\t<\/section>\n\t\t\t\t<\/div>\n\t\t","protected":false},"excerpt":{"rendered":"<p>Registre su e-mail y reciba de primera mano los \u00faltimos contenidos lanzados por Audaces. \u00a1Mant\u00e9ngase siempre actualizado!<\/p>\n","protected":false},"author":2,"featured_media":0,"parent":0,"menu_order":0,"comment_status":"closed","ping_status":"closed","template":"elementor_header_footer","meta":{"footnotes":""},"produto":[],"class_list":["post-59728","page","type-page","status-publish","hentry"],"yoast_head":"<!-- This site is optimized with the Yoast SEO Premium plugin v27.4 (Yoast SEO v27.4) - https:\/\/yoast.com\/product\/yoast-seo-premium-wordpress\/ -->\n<title>Bolet\u00edn Informativo | Mant\u00e9ngase al tanto de las novedades<\/title>\n<meta name=\"description\" content=\"Registre su e-mail y reciba de primera mano los \u00faltimos contenidos lanzados por Audaces. \u00a1Mant\u00e9ngase siempre actualizado!\" \/>\n<meta name=\"robots\" content=\"index, follow, max-snippet:-1, max-image-preview:large, max-video-preview:-1\" \/>\n<link rel=\"canonical\" href=\"https:\/\/audaces.com\/es\/boletin-informativo\" \/>\n<meta property=\"og:locale\" content=\"es_ES\" \/>\n<meta property=\"og:type\" content=\"article\" \/>\n<meta property=\"og:title\" content=\"Bolet\u00edn Informativo | Mant\u00e9ngase al tanto de las novedades\" \/>\n<meta property=\"og:description\" content=\"Registre su e-mail y reciba de primera mano los \u00faltimos contenidos lanzados por Audaces. \u00a1Mant\u00e9ngase siempre actualizado!\" \/>\n<meta property=\"og:url\" content=\"https:\/\/audaces.com\/es\/boletin-informativo\" \/>\n<meta property=\"og:site_name\" content=\"Audaces\" \/>\n<meta property=\"article:publisher\" content=\"https:\/\/www.facebook.com\/audaces.pt\" \/>\n<meta property=\"article:modified_time\" content=\"2025-05-21T14:20:53+00:00\" \/>\n<meta name=\"twitter:card\" content=\"summary_large_image\" \/>\n<meta name=\"twitter:label1\" content=\"Tiempo de lectura\" \/>\n\t<meta name=\"twitter:data1\" content=\"1 minuto\" \/>\n<script type=\"application\/ld+json\" class=\"yoast-schema-graph\">{\"@context\":\"https:\\\/\\\/schema.org\",\"@graph\":[{\"@type\":\"WebPage\",\"@id\":\"https:\\\/\\\/audaces.com\\\/es\\\/boletin-informativo\",\"url\":\"https:\\\/\\\/audaces.com\\\/es\\\/boletin-informativo\",\"name\":\"Bolet\u00edn Informativo | Mant\u00e9ngase al tanto de las novedades\",\"isPartOf\":{\"@id\":\"https:\\\/\\\/audaces.com\\\/es#website\"},\"datePublished\":\"2022-05-27T13:30:58+00:00\",\"dateModified\":\"2025-05-21T14:20:53+00:00\",\"description\":\"Registre su e-mail y reciba de primera mano los \u00faltimos contenidos lanzados por Audaces. \u00a1Mant\u00e9ngase siempre actualizado!\",\"breadcrumb\":{\"@id\":\"https:\\\/\\\/audaces.com\\\/es\\\/boletin-informativo#breadcrumb\"},\"inLanguage\":\"es\",\"potentialAction\":[{\"@type\":\"ReadAction\",\"target\":[\"https:\\\/\\\/audaces.com\\\/es\\\/boletin-informativo\"]}]},{\"@type\":\"BreadcrumbList\",\"@id\":\"https:\\\/\\\/audaces.com\\\/es\\\/boletin-informativo#breadcrumb\",\"itemListElement\":[{\"@type\":\"ListItem\",\"position\":1,\"name\":\"INICIO\",\"item\":\"https:\\\/\\\/audaces.com\\\/es\"},{\"@type\":\"ListItem\",\"position\":2,\"name\":\"Bolet\u00edn Informativo | Mant\u00e9ngase al tanto de las novedades\"}]},{\"@type\":\"WebSite\",\"@id\":\"https:\\\/\\\/audaces.com\\\/es#website\",\"url\":\"https:\\\/\\\/audaces.com\\\/es\",\"name\":\"Audaces\",\"description\":\"We are the Industry 4.0\",\"publisher\":{\"@id\":\"https:\\\/\\\/audaces.com\\\/es#organization\"},\"potentialAction\":[{\"@type\":\"SearchAction\",\"target\":{\"@type\":\"EntryPoint\",\"urlTemplate\":\"https:\\\/\\\/audaces.com\\\/es?s={search_term_string}\"},\"query-input\":{\"@type\":\"PropertyValueSpecification\",\"valueRequired\":true,\"valueName\":\"search_term_string\"}}],\"inLanguage\":\"es\"},{\"@type\":\"Organization\",\"@id\":\"https:\\\/\\\/audaces.com\\\/es#organization\",\"name\":\"Audaces\",\"url\":\"https:\\\/\\\/audaces.com\\\/es\",\"logo\":{\"@type\":\"ImageObject\",\"inLanguage\":\"es\",\"@id\":\"https:\\\/\\\/audaces.com\\\/es#\\\/schema\\\/logo\\\/image\\\/\",\"url\":\"https:\\\/\\\/audaces.com\\\/wp-content\\\/uploads\\\/2022\\\/01\\\/cropped-cropped-logo-audace.png\",\"contentUrl\":\"https:\\\/\\\/audaces.com\\\/wp-content\\\/uploads\\\/2022\\\/01\\\/cropped-cropped-logo-audace.png\",\"width\":512,\"height\":512,\"caption\":\"Audaces\"},\"image\":{\"@id\":\"https:\\\/\\\/audaces.com\\\/es#\\\/schema\\\/logo\\\/image\\\/\"},\"sameAs\":[\"https:\\\/\\\/www.facebook.com\\\/audaces.pt\"]}]}<\/script>\n<!-- \/ Yoast SEO Premium plugin. -->","yoast_head_json":{"title":"Bolet\u00edn Informativo | Mant\u00e9ngase al tanto de las novedades","description":"Registre su e-mail y reciba de primera mano los \u00faltimos contenidos lanzados por Audaces. \u00a1Mant\u00e9ngase siempre actualizado!","robots":{"index":"index","follow":"follow","max-snippet":"max-snippet:-1","max-image-preview":"max-image-preview:large","max-video-preview":"max-video-preview:-1"},"canonical":"https:\/\/audaces.com\/es\/boletin-informativo","og_locale":"es_ES","og_type":"article","og_title":"Bolet\u00edn Informativo | Mant\u00e9ngase al tanto de las novedades","og_description":"Registre su e-mail y reciba de primera mano los \u00faltimos contenidos lanzados por Audaces. \u00a1Mant\u00e9ngase siempre actualizado!","og_url":"https:\/\/audaces.com\/es\/boletin-informativo","og_site_name":"Audaces","article_publisher":"https:\/\/www.facebook.com\/audaces.pt","article_modified_time":"2025-05-21T14:20:53+00:00","twitter_card":"summary_large_image","twitter_misc":{"Tiempo de lectura":"1 minuto"},"schema":{"@context":"https:\/\/schema.org","@graph":[{"@type":"WebPage","@id":"https:\/\/audaces.com\/es\/boletin-informativo","url":"https:\/\/audaces.com\/es\/boletin-informativo","name":"Bolet\u00edn Informativo | Mant\u00e9ngase al tanto de las novedades","isPartOf":{"@id":"https:\/\/audaces.com\/es#website"},"datePublished":"2022-05-27T13:30:58+00:00","dateModified":"2025-05-21T14:20:53+00:00","description":"Registre su e-mail y reciba de primera mano los \u00faltimos contenidos lanzados por Audaces. \u00a1Mant\u00e9ngase siempre actualizado!","breadcrumb":{"@id":"https:\/\/audaces.com\/es\/boletin-informativo#breadcrumb"},"inLanguage":"es","potentialAction":[{"@type":"ReadAction","target":["https:\/\/audaces.com\/es\/boletin-informativo"]}]},{"@type":"BreadcrumbList","@id":"https:\/\/audaces.com\/es\/boletin-informativo#breadcrumb","itemListElement":[{"@type":"ListItem","position":1,"name":"INICIO","item":"https:\/\/audaces.com\/es"},{"@type":"ListItem","position":2,"name":"Bolet\u00edn Informativo | Mant\u00e9ngase al tanto de las novedades"}]},{"@type":"WebSite","@id":"https:\/\/audaces.com\/es#website","url":"https:\/\/audaces.com\/es","name":"Audaces","description":"We are the Industry 4.0","publisher":{"@id":"https:\/\/audaces.com\/es#organization"},"potentialAction":[{"@type":"SearchAction","target":{"@type":"EntryPoint","urlTemplate":"https:\/\/audaces.com\/es?s={search_term_string}"},"query-input":{"@type":"PropertyValueSpecification","valueRequired":true,"valueName":"search_term_string"}}],"inLanguage":"es"},{"@type":"Organization","@id":"https:\/\/audaces.com\/es#organization","name":"Audaces","url":"https:\/\/audaces.com\/es","logo":{"@type":"ImageObject","inLanguage":"es","@id":"https:\/\/audaces.com\/es#\/schema\/logo\/image\/","url":"https:\/\/audaces.com\/wp-content\/uploads\/2022\/01\/cropped-cropped-logo-audace.png","contentUrl":"https:\/\/audaces.com\/wp-content\/uploads\/2022\/01\/cropped-cropped-logo-audace.png","width":512,"height":512,"caption":"Audaces"},"image":{"@id":"https:\/\/audaces.com\/es#\/schema\/logo\/image\/"},"sameAs":["https:\/\/www.facebook.com\/audaces.pt"]}]}},"_links":{"self":[{"href":"https:\/\/audaces.com\/es\/wp-json\/wp\/v2\/pages\/59728","targetHints":{"allow":["GET"]}}],"collection":[{"href":"https:\/\/audaces.com\/es\/wp-json\/wp\/v2\/pages"}],"about":[{"href":"https:\/\/audaces.com\/es\/wp-json\/wp\/v2\/types\/page"}],"author":[{"embeddable":true,"href":"https:\/\/audaces.com\/es\/wp-json\/wp\/v2\/users\/2"}],"replies":[{"embeddable":true,"href":"https:\/\/audaces.com\/es\/wp-json\/wp\/v2\/comments?post=59728"}],"version-history":[{"count":9,"href":"https:\/\/audaces.com\/es\/wp-json\/wp\/v2\/pages\/59728\/revisions"}],"predecessor-version":[{"id":196402,"href":"https:\/\/audaces.com\/es\/wp-json\/wp\/v2\/pages\/59728\/revisions\/196402"}],"wp:attachment":[{"href":"https:\/\/audaces.com\/es\/wp-json\/wp\/v2\/media?parent=59728"}],"wp:term":[{"taxonomy":"produto","embeddable":true,"href":"https:\/\/audaces.com\/es\/wp-json\/wp\/v2\/produto?post=59728"}],"curies":[{"name":"wp","href":"https:\/\/api.w.org\/{rel}","templated":true}]}}